{"id":863,"date":"2025-02-19T16:13:20","date_gmt":"2025-02-19T14:13:20","guid":{"rendered":"https:\/\/beerboard.hu\/?post_type=product&#038;p=863"},"modified":"2025-02-19T16:13:20","modified_gmt":"2025-02-19T14:13:20","slug":"permon-blackberry-sour","status":"publish","type":"product","link":"https:\/\/beerboard.hu\/?product=permon-blackberry-sour","title":{"rendered":"Permon Blackberry Sour"},"content":{"rendered":"","protected":false},"excerpt":{"rendered":"<p>Fedezd fel a Permon friss\u00edt\u0151 savany\u00fa s\u00f6r\u00e9t. A szeder hat\u00e1rozott savass\u00e1got \u00e9s k\u00f6nnyeds\u00e9get adott a s\u00f6rnek, ezen k\u00edv\u00fcl gy\u00f6ny\u00f6r\u0171 gy\u00fcm\u00f6lcs\u00f6s sz\u00ednt, \u00edzt, harmonikus \u00e9dess\u00e9get, amely egyens\u00falyban tartja a savany\u00fas\u00e1got. A s\u00f6r alacsony alkoholtartalma ide\u00e1lis friss\u00edt\u0151v\u00e9 teszi. K\u00f6nny\u0171, ihat\u00f3 \u00e9s t\u00f6k\u00e9letesen kiegyens\u00falyozott s\u00f6r.<\/p>\n<p>Fels\u0151erjeszt\u00e9s\u0171, sz\u0171retlen, paszt\u00f6riz\u00e1latlan.<\/p>\n<p>Alk.: 3,6%<\/p>\n<p>EPM: 8\u00b0<\/p>\n<p>IBU: 6<\/p>\n","protected":false},"featured_media":848,"comment_status":"open","ping_status":"closed","template":"","meta":[],"product_cat":[20,28,27],"product_tag":[],"class_list":{"0":"post-863","1":"product","2":"type-product","3":"status-publish","4":"has-post-thumbnail","6":"product_cat-permon","7":"product_cat-dobozos","8":"product_cat-minden-aru","10":"entry","11":"has-media","13":"first","14":"instock","15":"shipping-taxable","16":"product-type-simple","17":"has-product-nav","18":"col","19":"span_1_of_4","20":"owp-content-center","21":"owp-thumbs-layout-horizontal","22":"owp-btn-big","23":"owp-tabs-layout-horizontal","24":"has-no-thumbnails"},"_links":{"self":[{"href":"https:\/\/beerboard.hu\/index.php?rest_route=\/wp\/v2\/product\/863","targetHints":{"allow":["GET"]}}],"collection":[{"href":"https:\/\/beerboard.hu\/index.php?rest_route=\/wp\/v2\/product"}],"about":[{"href":"https:\/\/beerboard.hu\/index.php?rest_route=\/wp\/v2\/types\/product"}],"replies":[{"embeddable":true,"href":"https:\/\/beerboard.hu\/index.php?rest_route=%2Fwp%2Fv2%2Fcomments&post=863"}],"wp:featuredmedia":[{"embeddable":true,"href":"https:\/\/beerboard.hu\/index.php?rest_route=\/wp\/v2\/media\/848"}],"wp:attachment":[{"href":"https:\/\/beerboard.hu\/index.php?rest_route=%2Fwp%2Fv2%2Fmedia&parent=863"}],"wp:term":[{"taxonomy":"product_cat","embeddable":true,"href":"https:\/\/beerboard.hu\/index.php?rest_route=%2Fwp%2Fv2%2Fproduct_cat&post=863"},{"taxonomy":"product_tag","embeddable":true,"href":"https:\/\/beerboard.hu\/index.php?rest_route=%2Fwp%2Fv2%2Fproduct_tag&post=863"}],"curies":[{"name":"wp","href":"https:\/\/api.w.org\/{rel}","templated":true}]}}