{"id":862,"date":"2025-02-19T16:12:00","date_gmt":"2025-02-19T14:12:00","guid":{"rendered":"https:\/\/beerboard.hu\/?post_type=product&#038;p=862"},"modified":"2025-02-19T16:12:00","modified_gmt":"2025-02-19T14:12:00","slug":"permon-joe-in-the-garden-hawaii-pizza","status":"publish","type":"product","link":"https:\/\/beerboard.hu\/?product=permon-joe-in-the-garden-hawaii-pizza","title":{"rendered":"Permon Joe In The Garden Hawaii Pizza"},"content":{"rendered":"","protected":false},"excerpt":{"rendered":"<p>Az \u00edzek mer\u00e9sz kombin\u00e1ci\u00f3ja, amely nemcsak a s\u00f6r-, hanem a pizzaim\u00e1d\u00f3k k\u00f6r\u00e9ben is vit\u00e1t v\u00e1lt ki. Friss\u00edt\u0151en savany\u00fa, egyes\u00edti a paradicsom friss \u00edz\u00e9t az arom\u00e1s bazsalikommal \u00e9s az anan\u00e1sz enyhe \u00e9dess\u00e9g\u00e9vel. Az eredm\u00e9ny savany\u00fa \u00e9s friss\u00edt\u0151 s\u00f6r, mely kiegyens\u00falyozotts\u00e1g\u00e1val \u00e9s szokatlan \u00edz\u00e9vel lep meg. Sz\u00f3val mit gondolsz &#8211; az anan\u00e1sz hozz\u00e1tartozik a pizz\u00e1hoz? \u00c9s hogy s\u00f6r? \ud83d\ude42<\/p>\n<p>Fels\u0151erjeszt\u00e9s\u0171, sz\u0171retlen, paszt\u00f6riz\u00e1latlan.<\/p>\n<p>Alk.: 5,6%<\/p>\n<p>EPM: 12\u00b0<\/p>\n<p>IBU: 7<\/p>\n","protected":false},"featured_media":852,"comment_status":"open","ping_status":"closed","template":"","meta":[],"product_cat":[20,28,27],"product_tag":[],"class_list":{"0":"post-862","1":"product","2":"type-product","3":"status-publish","4":"has-post-thumbnail","6":"product_cat-permon","7":"product_cat-dobozos","8":"product_cat-minden-aru","10":"entry","11":"has-media","13":"first","14":"instock","15":"shipping-taxable","16":"product-type-simple","17":"has-product-nav","18":"col","19":"span_1_of_4","20":"owp-content-center","21":"owp-thumbs-layout-horizontal","22":"owp-btn-big","23":"owp-tabs-layout-horizontal","24":"has-no-thumbnails"},"_links":{"self":[{"href":"https:\/\/beerboard.hu\/index.php?rest_route=\/wp\/v2\/product\/862","targetHints":{"allow":["GET"]}}],"collection":[{"href":"https:\/\/beerboard.hu\/index.php?rest_route=\/wp\/v2\/product"}],"about":[{"href":"https:\/\/beerboard.hu\/index.php?rest_route=\/wp\/v2\/types\/product"}],"replies":[{"embeddable":true,"href":"https:\/\/beerboard.hu\/index.php?rest_route=%2Fwp%2Fv2%2Fcomments&post=862"}],"wp:featuredmedia":[{"embeddable":true,"href":"https:\/\/beerboard.hu\/index.php?rest_route=\/wp\/v2\/media\/852"}],"wp:attachment":[{"href":"https:\/\/beerboard.hu\/index.php?rest_route=%2Fwp%2Fv2%2Fmedia&parent=862"}],"wp:term":[{"taxonomy":"product_cat","embeddable":true,"href":"https:\/\/beerboard.hu\/index.php?rest_route=%2Fwp%2Fv2%2Fproduct_cat&post=862"},{"taxonomy":"product_tag","embeddable":true,"href":"https:\/\/beerboard.hu\/index.php?rest_route=%2Fwp%2Fv2%2Fproduct_tag&post=862"}],"curies":[{"name":"wp","href":"https:\/\/api.w.org\/{rel}","templated":true}]}}