{"id":861,"date":"2025-02-19T16:10:40","date_gmt":"2025-02-19T14:10:40","guid":{"rendered":"https:\/\/beerboard.hu\/?post_type=product&#038;p=861"},"modified":"2025-02-19T16:10:40","modified_gmt":"2025-02-19T14:10:40","slug":"permon-joe-in-the-garden-merunka","status":"publish","type":"product","link":"https:\/\/beerboard.hu\/?product=permon-joe-in-the-garden-merunka","title":{"rendered":"Permon Joe In The Garden Merunka"},"content":{"rendered":"","protected":false},"excerpt":{"rendered":"<p>Egy kedvelt s\u00f3s-savany\u00fa (gose) s\u00f6r a Joe in the garden sorozatb\u00f3l, ahol nem sp\u00f3roltunk a s\u00e1rgabarackkal, \u00e9s egy tisztess\u00e9ges adag tengeri s\u00f3t adtunk hozz\u00e1. A magasabb savtartalom \u00e9s a kajszibarack kombin\u00e1ci\u00f3ja ide\u00e1lis \u00edz\u00e9lm\u00e9ny.<\/p>\n<p>Fels\u0151erjeszt\u00e9s\u0171, sz\u0171retlen, paszt\u00f6riz\u00e1latlan.<\/p>\n<p>Alk.: 5,8%<\/p>\n<p>EPM: 12\u00b0<\/p>\n<p>IBU: 7<\/p>\n","protected":false},"featured_media":850,"comment_status":"open","ping_status":"closed","template":"","meta":[],"product_cat":[20,28,27],"product_tag":[],"class_list":{"0":"post-861","1":"product","2":"type-product","3":"status-publish","4":"has-post-thumbnail","6":"product_cat-permon","7":"product_cat-dobozos","8":"product_cat-minden-aru","10":"entry","11":"has-media","13":"first","14":"instock","15":"shipping-taxable","16":"product-type-simple","17":"has-product-nav","18":"col","19":"span_1_of_4","20":"owp-content-center","21":"owp-thumbs-layout-horizontal","22":"owp-btn-big","23":"owp-tabs-layout-horizontal","24":"has-no-thumbnails"},"_links":{"self":[{"href":"https:\/\/beerboard.hu\/index.php?rest_route=\/wp\/v2\/product\/861","targetHints":{"allow":["GET"]}}],"collection":[{"href":"https:\/\/beerboard.hu\/index.php?rest_route=\/wp\/v2\/product"}],"about":[{"href":"https:\/\/beerboard.hu\/index.php?rest_route=\/wp\/v2\/types\/product"}],"replies":[{"embeddable":true,"href":"https:\/\/beerboard.hu\/index.php?rest_route=%2Fwp%2Fv2%2Fcomments&post=861"}],"wp:featuredmedia":[{"embeddable":true,"href":"https:\/\/beerboard.hu\/index.php?rest_route=\/wp\/v2\/media\/850"}],"wp:attachment":[{"href":"https:\/\/beerboard.hu\/index.php?rest_route=%2Fwp%2Fv2%2Fmedia&parent=861"}],"wp:term":[{"taxonomy":"product_cat","embeddable":true,"href":"https:\/\/beerboard.hu\/index.php?rest_route=%2Fwp%2Fv2%2Fproduct_cat&post=861"},{"taxonomy":"product_tag","embeddable":true,"href":"https:\/\/beerboard.hu\/index.php?rest_route=%2Fwp%2Fv2%2Fproduct_tag&post=861"}],"curies":[{"name":"wp","href":"https:\/\/api.w.org\/{rel}","templated":true}]}}