{"id":806,"date":"2025-01-20T14:03:40","date_gmt":"2025-01-20T12:03:40","guid":{"rendered":"https:\/\/beerboard.hu\/?post_type=product&#038;p=806"},"modified":"2025-01-20T14:03:40","modified_gmt":"2025-01-20T12:03:40","slug":"lobkowicz-premium-lezak-dobozos","status":"publish","type":"product","link":"https:\/\/beerboard.hu\/?product=lobkowicz-premium-lezak-dobozos","title":{"rendered":"Lobkowicz Pr\u00e9mium Lez\u00e1k dobozos"},"content":{"rendered":"","protected":false},"excerpt":{"rendered":"<p>A Lobkowicz Premium Lager egy hagyom\u00e1nyos cseh s\u00f6r, amelynek teljess\u00e9ge \u00e9s keser\u0171s\u00e9ge egy\u00fctt harmonikus eg\u00e9szet alkot.<\/p>\n<p>Alk.: 4,7%<\/p>\n<p>EPM: 12,2\u00b0<\/p>\n<p>IBU: 33<\/p>\n","protected":false},"featured_media":807,"comment_status":"open","ping_status":"closed","template":"","meta":[],"product_cat":[19,28,27],"product_tag":[],"class_list":{"0":"post-806","1":"product","2":"type-product","3":"status-publish","4":"has-post-thumbnail","6":"product_cat-lobkowicz-csoport","7":"product_cat-dobozos","8":"product_cat-minden-aru","10":"entry","11":"has-media","13":"first","14":"instock","15":"shipping-taxable","16":"product-type-simple","17":"has-product-nav","18":"col","19":"span_1_of_4","20":"owp-content-center","21":"owp-thumbs-layout-horizontal","22":"owp-btn-big","23":"owp-tabs-layout-horizontal","24":"has-no-thumbnails"},"_links":{"self":[{"href":"https:\/\/beerboard.hu\/index.php?rest_route=\/wp\/v2\/product\/806","targetHints":{"allow":["GET"]}}],"collection":[{"href":"https:\/\/beerboard.hu\/index.php?rest_route=\/wp\/v2\/product"}],"about":[{"href":"https:\/\/beerboard.hu\/index.php?rest_route=\/wp\/v2\/types\/product"}],"replies":[{"embeddable":true,"href":"https:\/\/beerboard.hu\/index.php?rest_route=%2Fwp%2Fv2%2Fcomments&post=806"}],"wp:featuredmedia":[{"embeddable":true,"href":"https:\/\/beerboard.hu\/index.php?rest_route=\/wp\/v2\/media\/807"}],"wp:attachment":[{"href":"https:\/\/beerboard.hu\/index.php?rest_route=%2Fwp%2Fv2%2Fmedia&parent=806"}],"wp:term":[{"taxonomy":"product_cat","embeddable":true,"href":"https:\/\/beerboard.hu\/index.php?rest_route=%2Fwp%2Fv2%2Fproduct_cat&post=806"},{"taxonomy":"product_tag","embeddable":true,"href":"https:\/\/beerboard.hu\/index.php?rest_route=%2Fwp%2Fv2%2Fproduct_tag&post=806"}],"curies":[{"name":"wp","href":"https:\/\/api.w.org\/{rel}","templated":true}]}}