{"id":686,"date":"2024-02-29T17:32:21","date_gmt":"2024-02-29T15:32:21","guid":{"rendered":"https:\/\/beerboard.hu\/?post_type=product&#038;p=686"},"modified":"2024-02-29T17:37:27","modified_gmt":"2024-02-29T15:37:27","slug":"permon-ipl-strata","status":"publish","type":"product","link":"https:\/\/beerboard.hu\/?product=permon-ipl-strata","title":{"rendered":"Permon IPL Strata"},"content":{"rendered":"","protected":false},"excerpt":{"rendered":"<p>Indian Pale Lager. A cseh lager ihat\u00f3s\u00e1ga, az amerikai strata koml\u00f3 keser\u0171s\u00e9ge \u00e9s arom\u00e1ja csod\u00e1latos kombin\u00e1ci\u00f3t eredm\u00e9nyez.<\/p>\n<p>Alk.: 5,8%<\/p>\n<p>EPM: 13\u00b0<\/p>\n<p>IBU: 25<\/p>\n","protected":false},"featured_media":687,"comment_status":"open","ping_status":"closed","template":"","meta":[],"product_cat":[20,28,27],"product_tag":[],"class_list":{"0":"post-686","1":"product","2":"type-product","3":"status-publish","4":"has-post-thumbnail","6":"product_cat-permon","7":"product_cat-dobozos","8":"product_cat-minden-aru","10":"entry","11":"has-media","13":"first","14":"instock","15":"shipping-taxable","16":"product-type-simple","17":"has-product-nav","18":"col","19":"span_1_of_4","20":"owp-content-center","21":"owp-thumbs-layout-horizontal","22":"owp-btn-big","23":"owp-tabs-layout-horizontal","24":"has-no-thumbnails"},"_links":{"self":[{"href":"https:\/\/beerboard.hu\/index.php?rest_route=\/wp\/v2\/product\/686","targetHints":{"allow":["GET"]}}],"collection":[{"href":"https:\/\/beerboard.hu\/index.php?rest_route=\/wp\/v2\/product"}],"about":[{"href":"https:\/\/beerboard.hu\/index.php?rest_route=\/wp\/v2\/types\/product"}],"replies":[{"embeddable":true,"href":"https:\/\/beerboard.hu\/index.php?rest_route=%2Fwp%2Fv2%2Fcomments&post=686"}],"wp:featuredmedia":[{"embeddable":true,"href":"https:\/\/beerboard.hu\/index.php?rest_route=\/wp\/v2\/media\/687"}],"wp:attachment":[{"href":"https:\/\/beerboard.hu\/index.php?rest_route=%2Fwp%2Fv2%2Fmedia&parent=686"}],"wp:term":[{"taxonomy":"product_cat","embeddable":true,"href":"https:\/\/beerboard.hu\/index.php?rest_route=%2Fwp%2Fv2%2Fproduct_cat&post=686"},{"taxonomy":"product_tag","embeddable":true,"href":"https:\/\/beerboard.hu\/index.php?rest_route=%2Fwp%2Fv2%2Fproduct_tag&post=686"}],"curies":[{"name":"wp","href":"https:\/\/api.w.org\/{rel}","templated":true}]}}