{"id":684,"date":"2024-02-29T17:21:25","date_gmt":"2024-02-29T15:21:25","guid":{"rendered":"https:\/\/beerboard.hu\/?post_type=product&#038;p=684"},"modified":"2024-02-29T17:35:23","modified_gmt":"2024-02-29T15:35:23","slug":"permon-hazy-nectaron","status":"publish","type":"product","link":"https:\/\/beerboard.hu\/?product=permon-hazy-nectaron","title":{"rendered":"Permon Hazy Nectaron"},"content":{"rendered":"","protected":false},"excerpt":{"rendered":"<p>Hazy Pale Ale. Nectaron: Nagyon n\u00e9pszer\u0171 \u00faj koml\u00f3fajta \u00daj-Z\u00e9landr\u00f3l,<br \/>\nArom\u00e1i: passi\u00f3gy\u00fcm\u00f6lcs, \u0151szibarack, grapefruit \u00e9s anan\u00e1sz.<\/p>\n<p>Alk.: 5,5%<\/p>\n<p>EPM: 13\u00b0<\/p>\n<p>IBU: 55<\/p>\n","protected":false},"featured_media":685,"comment_status":"open","ping_status":"closed","template":"","meta":[],"product_cat":[20,28,27],"product_tag":[],"class_list":{"0":"post-684","1":"product","2":"type-product","3":"status-publish","4":"has-post-thumbnail","6":"product_cat-permon","7":"product_cat-dobozos","8":"product_cat-minden-aru","10":"entry","11":"has-media","13":"first","14":"instock","15":"shipping-taxable","16":"product-type-simple","17":"has-product-nav","18":"col","19":"span_1_of_4","20":"owp-content-center","21":"owp-thumbs-layout-horizontal","22":"owp-btn-big","23":"owp-tabs-layout-horizontal","24":"has-no-thumbnails"},"_links":{"self":[{"href":"https:\/\/beerboard.hu\/index.php?rest_route=\/wp\/v2\/product\/684","targetHints":{"allow":["GET"]}}],"collection":[{"href":"https:\/\/beerboard.hu\/index.php?rest_route=\/wp\/v2\/product"}],"about":[{"href":"https:\/\/beerboard.hu\/index.php?rest_route=\/wp\/v2\/types\/product"}],"replies":[{"embeddable":true,"href":"https:\/\/beerboard.hu\/index.php?rest_route=%2Fwp%2Fv2%2Fcomments&post=684"}],"wp:featuredmedia":[{"embeddable":true,"href":"https:\/\/beerboard.hu\/index.php?rest_route=\/wp\/v2\/media\/685"}],"wp:attachment":[{"href":"https:\/\/beerboard.hu\/index.php?rest_route=%2Fwp%2Fv2%2Fmedia&parent=684"}],"wp:term":[{"taxonomy":"product_cat","embeddable":true,"href":"https:\/\/beerboard.hu\/index.php?rest_route=%2Fwp%2Fv2%2Fproduct_cat&post=684"},{"taxonomy":"product_tag","embeddable":true,"href":"https:\/\/beerboard.hu\/index.php?rest_route=%2Fwp%2Fv2%2Fproduct_tag&post=684"}],"curies":[{"name":"wp","href":"https:\/\/api.w.org\/{rel}","templated":true}]}}