{"id":678,"date":"2024-02-29T16:46:56","date_gmt":"2024-02-29T14:46:56","guid":{"rendered":"https:\/\/beerboard.hu\/?post_type=product&#038;p=678"},"modified":"2025-02-19T16:15:51","modified_gmt":"2025-02-19T14:15:51","slug":"permon-black-ipa","status":"publish","type":"product","link":"https:\/\/beerboard.hu\/?product=permon-black-ipa","title":{"rendered":"Permon Black IPA"},"content":{"rendered":"","protected":false},"excerpt":{"rendered":"<p>Egyed\u00fcl\u00e1ll\u00f3 s\u00f6r, amely \u00f6tv\u00f6zi az IPA jellegzetes keser\u0171s\u00e9g\u00e9t a s\u00f6t\u00e9t p\u00f6rk\u00f6lt mal\u00e1ta jegyeivel. Jellegzetes illatt\u00e1t a citrusf\u00e9l\u00e9k \u00e9s tr\u00f3pusi gy\u00fcm\u00f6lcs\u00f6k adj\u00e1k, csokol\u00e1d\u00e9val \u00e9s k\u00e1v\u00e9val kieg\u00e9sz\u00edtve.<\/p>\n<p>Fels\u0151erjeszt\u00e9s\u0171, sz\u0171retlen, paszt\u00f6riz\u00e1latlan.<\/p>\n<p>Alk.: 5,7%<\/p>\n<p>EPM: 13\u00b0<\/p>\n<p>IBU: 35<\/p>\n","protected":false},"featured_media":679,"comment_status":"open","ping_status":"closed","template":"","meta":[],"product_cat":[20,27],"product_tag":[],"class_list":{"0":"post-678","1":"product","2":"type-product","3":"status-publish","4":"has-post-thumbnail","6":"product_cat-permon","7":"product_cat-minden-aru","9":"entry","10":"has-media","12":"first","13":"instock","14":"shipping-taxable","15":"product-type-simple","16":"has-product-nav","17":"col","18":"span_1_of_4","19":"owp-content-center","20":"owp-thumbs-layout-horizontal","21":"owp-btn-big","22":"owp-tabs-layout-horizontal","23":"has-no-thumbnails"},"_links":{"self":[{"href":"https:\/\/beerboard.hu\/index.php?rest_route=\/wp\/v2\/product\/678","targetHints":{"allow":["GET"]}}],"collection":[{"href":"https:\/\/beerboard.hu\/index.php?rest_route=\/wp\/v2\/product"}],"about":[{"href":"https:\/\/beerboard.hu\/index.php?rest_route=\/wp\/v2\/types\/product"}],"replies":[{"embeddable":true,"href":"https:\/\/beerboard.hu\/index.php?rest_route=%2Fwp%2Fv2%2Fcomments&post=678"}],"wp:featuredmedia":[{"embeddable":true,"href":"https:\/\/beerboard.hu\/index.php?rest_route=\/wp\/v2\/media\/679"}],"wp:attachment":[{"href":"https:\/\/beerboard.hu\/index.php?rest_route=%2Fwp%2Fv2%2Fmedia&parent=678"}],"wp:term":[{"taxonomy":"product_cat","embeddable":true,"href":"https:\/\/beerboard.hu\/index.php?rest_route=%2Fwp%2Fv2%2Fproduct_cat&post=678"},{"taxonomy":"product_tag","embeddable":true,"href":"https:\/\/beerboard.hu\/index.php?rest_route=%2Fwp%2Fv2%2Fproduct_tag&post=678"}],"curies":[{"name":"wp","href":"https:\/\/api.w.org\/{rel}","templated":true}]}}