{"id":674,"date":"2024-02-29T16:45:07","date_gmt":"2024-02-29T14:45:07","guid":{"rendered":"https:\/\/beerboard.hu\/?post_type=product&#038;p=674"},"modified":"2025-02-19T16:17:20","modified_gmt":"2025-02-19T14:17:20","slug":"permon-stout","status":"publish","type":"product","link":"https:\/\/beerboard.hu\/?product=permon-stout","title":{"rendered":"Permon Stout"},"content":{"rendered":"","protected":false},"excerpt":{"rendered":"<p>S\u00f6t\u00e9t, fels\u0151erjeszt\u00e9s\u0171 s\u00f6r, gazdag \u00e9s telt \u00edzzel, a k\u00e1v\u00e9, a csokol\u00e1d\u00e9 \u00e9s a finom p\u00f6rk\u00f6l\u00e9s jegyeivel. A s\u00f6r sima text\u00far\u00e1ja a magasabb keser\u0171s\u00e9g\u00e9vel, egy kiegyens\u00falyozott \u00e9s \u00f6sszetett \u00e9lm\u00e9nyt eredm\u00e9nyez. Felhaszn\u00e1lt koml\u00f3: Columbus,\u00a0\u00a0 Felhaszn\u00e1lt mal\u00e1ta: Pilsner, Pale Ale,<\/p>\n<p>Fels\u0151erjeszt\u00e9s\u0171, sz\u0171retlen, paszt\u00f6riz\u00e1latlan.<\/p>\n<p>Alk.: 5,0%<\/p>\n<p>EPM: 12\u00b0<\/p>\n<p>IBU: 20<\/p>\n","protected":false},"featured_media":675,"comment_status":"open","ping_status":"closed","template":"","meta":[],"product_cat":[20,27],"product_tag":[],"class_list":{"0":"post-674","1":"product","2":"type-product","3":"status-publish","4":"has-post-thumbnail","6":"product_cat-permon","7":"product_cat-minden-aru","9":"entry","10":"has-media","12":"first","13":"instock","14":"shipping-taxable","15":"product-type-simple","16":"has-product-nav","17":"col","18":"span_1_of_4","19":"owp-content-center","20":"owp-thumbs-layout-horizontal","21":"owp-btn-big","22":"owp-tabs-layout-horizontal","23":"has-no-thumbnails"},"_links":{"self":[{"href":"https:\/\/beerboard.hu\/index.php?rest_route=\/wp\/v2\/product\/674","targetHints":{"allow":["GET"]}}],"collection":[{"href":"https:\/\/beerboard.hu\/index.php?rest_route=\/wp\/v2\/product"}],"about":[{"href":"https:\/\/beerboard.hu\/index.php?rest_route=\/wp\/v2\/types\/product"}],"replies":[{"embeddable":true,"href":"https:\/\/beerboard.hu\/index.php?rest_route=%2Fwp%2Fv2%2Fcomments&post=674"}],"wp:featuredmedia":[{"embeddable":true,"href":"https:\/\/beerboard.hu\/index.php?rest_route=\/wp\/v2\/media\/675"}],"wp:attachment":[{"href":"https:\/\/beerboard.hu\/index.php?rest_route=%2Fwp%2Fv2%2Fmedia&parent=674"}],"wp:term":[{"taxonomy":"product_cat","embeddable":true,"href":"https:\/\/beerboard.hu\/index.php?rest_route=%2Fwp%2Fv2%2Fproduct_cat&post=674"},{"taxonomy":"product_tag","embeddable":true,"href":"https:\/\/beerboard.hu\/index.php?rest_route=%2Fwp%2Fv2%2Fproduct_tag&post=674"}],"curies":[{"name":"wp","href":"https:\/\/api.w.org\/{rel}","templated":true}]}}