{"id":672,"date":"2024-02-29T16:44:35","date_gmt":"2024-02-29T14:44:35","guid":{"rendered":"https:\/\/beerboard.hu\/?post_type=product&#038;p=672"},"modified":"2025-02-19T16:20:14","modified_gmt":"2025-02-19T14:20:14","slug":"permon-sherpa","status":"publish","type":"product","link":"https:\/\/beerboard.hu\/?product=permon-sherpa","title":{"rendered":"Permon Sherpa"},"content":{"rendered":"","protected":false},"excerpt":{"rendered":"<p>Egy jellegzetes IPA-st\u00edlus\u00fa s\u00f6r, er\u0151s koml\u00f3s keser\u0171s\u00e9ggel, amely kellemesen \u00f6tv\u00f6zi a citrusf\u00e9l\u00e9k \u00e9s a tr\u00f3pusi gy\u00fcm\u00f6lcs\u00f6k \u00edzvil\u00e1g\u00e1t. Felhaszn\u00e1lt koml\u00f3: Columbus, Amarillo, Cascade, Citra \u00a0\u00a0Mal\u00e1t\u00e1k: Pilsner, Pale ale, Rozs<\/p>\n<p>Fels\u0151erjeszt\u00e9s\u0171, sz\u0171retlen, paszt\u00f6riz\u00e1latlan.<\/p>\n<p>Alk.: 7,5%<\/p>\n<p>EPM: 16\u00b0<\/p>\n<p>IBU: 63<\/p>\n","protected":false},"featured_media":673,"comment_status":"open","ping_status":"closed","template":"","meta":[],"product_cat":[20,27],"product_tag":[],"class_list":{"0":"post-672","1":"product","2":"type-product","3":"status-publish","4":"has-post-thumbnail","6":"product_cat-permon","7":"product_cat-minden-aru","9":"entry","10":"has-media","12":"first","13":"instock","14":"shipping-taxable","15":"product-type-simple","16":"has-product-nav","17":"col","18":"span_1_of_4","19":"owp-content-center","20":"owp-thumbs-layout-horizontal","21":"owp-btn-big","22":"owp-tabs-layout-horizontal","23":"has-no-thumbnails"},"_links":{"self":[{"href":"https:\/\/beerboard.hu\/index.php?rest_route=\/wp\/v2\/product\/672","targetHints":{"allow":["GET"]}}],"collection":[{"href":"https:\/\/beerboard.hu\/index.php?rest_route=\/wp\/v2\/product"}],"about":[{"href":"https:\/\/beerboard.hu\/index.php?rest_route=\/wp\/v2\/types\/product"}],"replies":[{"embeddable":true,"href":"https:\/\/beerboard.hu\/index.php?rest_route=%2Fwp%2Fv2%2Fcomments&post=672"}],"wp:featuredmedia":[{"embeddable":true,"href":"https:\/\/beerboard.hu\/index.php?rest_route=\/wp\/v2\/media\/673"}],"wp:attachment":[{"href":"https:\/\/beerboard.hu\/index.php?rest_route=%2Fwp%2Fv2%2Fmedia&parent=672"}],"wp:term":[{"taxonomy":"product_cat","embeddable":true,"href":"https:\/\/beerboard.hu\/index.php?rest_route=%2Fwp%2Fv2%2Fproduct_cat&post=672"},{"taxonomy":"product_tag","embeddable":true,"href":"https:\/\/beerboard.hu\/index.php?rest_route=%2Fwp%2Fv2%2Fproduct_tag&post=672"}],"curies":[{"name":"wp","href":"https:\/\/api.w.org\/{rel}","templated":true}]}}