{"id":670,"date":"2024-02-29T16:43:39","date_gmt":"2024-02-29T14:43:39","guid":{"rendered":"https:\/\/beerboard.hu\/?post_type=product&#038;p=670"},"modified":"2025-02-19T16:19:21","modified_gmt":"2025-02-19T14:19:21","slug":"permon-pipa","status":"publish","type":"product","link":"https:\/\/beerboard.hu\/?product=permon-pipa","title":{"rendered":"Permon PIPA"},"content":{"rendered":"","protected":false},"excerpt":{"rendered":"<p>Egy jellegzetes IPA-st\u00edlus\u00fa s\u00f6r, amely leny\u0171g\u00f6z intenz\u00edv koml\u00f3s keser\u0171s\u00e9g\u00e9vel \u00e9s telt \u00edz\u00e9vel. A citrus \u00e9s a tr\u00f3pusi gy\u00fcm\u00f6lcs jegyeivel ide\u00e1lis v\u00e1laszt\u00e1s az er\u0151s \u00e9s arom\u00e1s s\u00f6r\u00f6k kedvel\u0151inek. Felhaszn\u00e1lt koml\u00f3: Columbus, Cascade, Amarillo, Citra\u00a0 \u00a0Felhaszn\u00e1lt mal\u00e1ta: Pilsner, CaraRed<\/p>\n<p>Fels\u0151erjeszt\u00e9s\u0171, sz\u0171retlen, paszt\u00f6riz\u00e1latlan.<\/p>\n<p>Alk.: 5,8%<\/p>\n<p>EPM: 14\u00b0<\/p>\n<p>IBU: 35<\/p>\n","protected":false},"featured_media":671,"comment_status":"open","ping_status":"closed","template":"","meta":[],"product_cat":[20,27],"product_tag":[],"class_list":{"0":"post-670","1":"product","2":"type-product","3":"status-publish","4":"has-post-thumbnail","6":"product_cat-permon","7":"product_cat-minden-aru","9":"entry","10":"has-media","12":"first","13":"instock","14":"shipping-taxable","15":"product-type-simple","16":"has-product-nav","17":"col","18":"span_1_of_4","19":"owp-content-center","20":"owp-thumbs-layout-horizontal","21":"owp-btn-big","22":"owp-tabs-layout-horizontal","23":"has-no-thumbnails"},"_links":{"self":[{"href":"https:\/\/beerboard.hu\/index.php?rest_route=\/wp\/v2\/product\/670","targetHints":{"allow":["GET"]}}],"collection":[{"href":"https:\/\/beerboard.hu\/index.php?rest_route=\/wp\/v2\/product"}],"about":[{"href":"https:\/\/beerboard.hu\/index.php?rest_route=\/wp\/v2\/types\/product"}],"replies":[{"embeddable":true,"href":"https:\/\/beerboard.hu\/index.php?rest_route=%2Fwp%2Fv2%2Fcomments&post=670"}],"wp:featuredmedia":[{"embeddable":true,"href":"https:\/\/beerboard.hu\/index.php?rest_route=\/wp\/v2\/media\/671"}],"wp:attachment":[{"href":"https:\/\/beerboard.hu\/index.php?rest_route=%2Fwp%2Fv2%2Fmedia&parent=670"}],"wp:term":[{"taxonomy":"product_cat","embeddable":true,"href":"https:\/\/beerboard.hu\/index.php?rest_route=%2Fwp%2Fv2%2Fproduct_cat&post=670"},{"taxonomy":"product_tag","embeddable":true,"href":"https:\/\/beerboard.hu\/index.php?rest_route=%2Fwp%2Fv2%2Fproduct_tag&post=670"}],"curies":[{"name":"wp","href":"https:\/\/api.w.org\/{rel}","templated":true}]}}