{"id":645,"date":"2024-02-29T15:21:43","date_gmt":"2024-02-29T13:21:43","guid":{"rendered":"https:\/\/beerboard.hu\/?post_type=product&#038;p=645"},"modified":"2025-01-17T13:29:09","modified_gmt":"2025-01-17T11:29:09","slug":"litovel-premium","status":"publish","type":"product","link":"https:\/\/beerboard.hu\/?product=litovel-premium","title":{"rendered":"Litovel Pr\u00e9mium"},"content":{"rendered":"","protected":false},"excerpt":{"rendered":"<p>Vil\u00e1gos lager. Mal\u00e1t\u00e1s kezdet\u0171, harmoniz\u00e1lt \u00edze \u00e9s finom koml\u00f3keser\u0171s\u00e9ge van.<\/p>\n<p>Alk.: 5%<\/p>\n<p>EPM: 12\u00b0<\/p>\n<p>IBU: NA<\/p>\n","protected":false},"featured_media":646,"comment_status":"open","ping_status":"closed","template":"","meta":[],"product_cat":[17,27],"product_tag":[],"class_list":{"0":"post-645","1":"product","2":"type-product","3":"status-publish","4":"has-post-thumbnail","6":"product_cat-litovel","7":"product_cat-minden-aru","9":"entry","10":"has-media","12":"first","13":"instock","14":"shipping-taxable","15":"product-type-simple","16":"has-product-nav","17":"col","18":"span_1_of_4","19":"owp-content-center","20":"owp-thumbs-layout-horizontal","21":"owp-btn-big","22":"owp-tabs-layout-horizontal","23":"has-no-thumbnails"},"_links":{"self":[{"href":"https:\/\/beerboard.hu\/index.php?rest_route=\/wp\/v2\/product\/645","targetHints":{"allow":["GET"]}}],"collection":[{"href":"https:\/\/beerboard.hu\/index.php?rest_route=\/wp\/v2\/product"}],"about":[{"href":"https:\/\/beerboard.hu\/index.php?rest_route=\/wp\/v2\/types\/product"}],"replies":[{"embeddable":true,"href":"https:\/\/beerboard.hu\/index.php?rest_route=%2Fwp%2Fv2%2Fcomments&post=645"}],"wp:featuredmedia":[{"embeddable":true,"href":"https:\/\/beerboard.hu\/index.php?rest_route=\/wp\/v2\/media\/646"}],"wp:attachment":[{"href":"https:\/\/beerboard.hu\/index.php?rest_route=%2Fwp%2Fv2%2Fmedia&parent=645"}],"wp:term":[{"taxonomy":"product_cat","embeddable":true,"href":"https:\/\/beerboard.hu\/index.php?rest_route=%2Fwp%2Fv2%2Fproduct_cat&post=645"},{"taxonomy":"product_tag","embeddable":true,"href":"https:\/\/beerboard.hu\/index.php?rest_route=%2Fwp%2Fv2%2Fproduct_tag&post=645"}],"curies":[{"name":"wp","href":"https:\/\/api.w.org\/{rel}","templated":true}]}}