{"id":642,"date":"2024-02-29T15:01:27","date_gmt":"2024-02-29T13:01:27","guid":{"rendered":"https:\/\/beerboard.hu\/?post_type=product&#038;p=642"},"modified":"2025-01-17T13:28:41","modified_gmt":"2025-01-17T11:28:41","slug":"litovel-moravan","status":"publish","type":"product","link":"https:\/\/beerboard.hu\/?product=litovel-moravan","title":{"rendered":"Litovel Moravan"},"content":{"rendered":"","protected":false},"excerpt":{"rendered":"<p>Vil\u00e1gos Pils. Finom intenz\u00edv keser\u0171s\u00e9g, k\u00f6zepes telts\u00e9g \u00e9s nagyon j\u00f3 habz\u00e1s egy\u00fcttesen alkotj\u00e1k ennek a s\u00f6rnek a karakter\u00e9t.<\/p>\n<p>Alk.: 4,6%<\/p>\n<p>EPM: 11\u00b0<\/p>\n<p>IBU: NA<\/p>\n","protected":false},"featured_media":643,"comment_status":"open","ping_status":"closed","template":"","meta":[],"product_cat":[17,27],"product_tag":[],"class_list":{"0":"post-642","1":"product","2":"type-product","3":"status-publish","4":"has-post-thumbnail","6":"product_cat-litovel","7":"product_cat-minden-aru","9":"entry","10":"has-media","12":"first","13":"instock","14":"shipping-taxable","15":"product-type-simple","16":"has-product-nav","17":"col","18":"span_1_of_4","19":"owp-content-center","20":"owp-thumbs-layout-horizontal","21":"owp-btn-big","22":"owp-tabs-layout-horizontal","23":"has-no-thumbnails"},"_links":{"self":[{"href":"https:\/\/beerboard.hu\/index.php?rest_route=\/wp\/v2\/product\/642","targetHints":{"allow":["GET"]}}],"collection":[{"href":"https:\/\/beerboard.hu\/index.php?rest_route=\/wp\/v2\/product"}],"about":[{"href":"https:\/\/beerboard.hu\/index.php?rest_route=\/wp\/v2\/types\/product"}],"replies":[{"embeddable":true,"href":"https:\/\/beerboard.hu\/index.php?rest_route=%2Fwp%2Fv2%2Fcomments&post=642"}],"wp:featuredmedia":[{"embeddable":true,"href":"https:\/\/beerboard.hu\/index.php?rest_route=\/wp\/v2\/media\/643"}],"wp:attachment":[{"href":"https:\/\/beerboard.hu\/index.php?rest_route=%2Fwp%2Fv2%2Fmedia&parent=642"}],"wp:term":[{"taxonomy":"product_cat","embeddable":true,"href":"https:\/\/beerboard.hu\/index.php?rest_route=%2Fwp%2Fv2%2Fproduct_cat&post=642"},{"taxonomy":"product_tag","embeddable":true,"href":"https:\/\/beerboard.hu\/index.php?rest_route=%2Fwp%2Fv2%2Fproduct_tag&post=642"}],"curies":[{"name":"wp","href":"https:\/\/api.w.org\/{rel}","templated":true}]}}