{"id":626,"date":"2024-02-29T14:18:30","date_gmt":"2024-02-29T12:18:30","guid":{"rendered":"https:\/\/beerboard.hu\/?post_type=product&#038;p=626"},"modified":"2024-03-04T12:53:36","modified_gmt":"2024-03-04T10:53:36","slug":"jezek","status":"publish","type":"product","link":"https:\/\/beerboard.hu\/?product=jezek","title":{"rendered":"Jezek"},"content":{"rendered":"","protected":false},"excerpt":{"rendered":"<p>Vil\u00e1gos l\u00e1ger. Jellemz\u0151je a kiegyens\u00falyozott teljes \u00edz, a kifejezett keser\u0171s\u00e9g.<\/p>\n<p>Alk.: 4,8%<\/p>\n<p>EPM: 11,2\u00b0<\/p>\n<p>IBU: 32<\/p>\n","protected":false},"featured_media":627,"comment_status":"open","ping_status":"closed","template":"","meta":[],"product_cat":[19,29,27],"product_tag":[],"class_list":{"0":"post-626","1":"product","2":"type-product","3":"status-publish","4":"has-post-thumbnail","6":"product_cat-lobkowicz-csoport","7":"product_cat-jezek","8":"product_cat-minden-aru","10":"entry","11":"has-media","13":"first","14":"instock","15":"shipping-taxable","16":"product-type-simple","17":"has-product-nav","18":"col","19":"span_1_of_4","20":"owp-content-center","21":"owp-thumbs-layout-horizontal","22":"owp-btn-big","23":"owp-tabs-layout-horizontal","24":"has-no-thumbnails"},"_links":{"self":[{"href":"https:\/\/beerboard.hu\/index.php?rest_route=\/wp\/v2\/product\/626","targetHints":{"allow":["GET"]}}],"collection":[{"href":"https:\/\/beerboard.hu\/index.php?rest_route=\/wp\/v2\/product"}],"about":[{"href":"https:\/\/beerboard.hu\/index.php?rest_route=\/wp\/v2\/types\/product"}],"replies":[{"embeddable":true,"href":"https:\/\/beerboard.hu\/index.php?rest_route=%2Fwp%2Fv2%2Fcomments&post=626"}],"wp:featuredmedia":[{"embeddable":true,"href":"https:\/\/beerboard.hu\/index.php?rest_route=\/wp\/v2\/media\/627"}],"wp:attachment":[{"href":"https:\/\/beerboard.hu\/index.php?rest_route=%2Fwp%2Fv2%2Fmedia&parent=626"}],"wp:term":[{"taxonomy":"product_cat","embeddable":true,"href":"https:\/\/beerboard.hu\/index.php?rest_route=%2Fwp%2Fv2%2Fproduct_cat&post=626"},{"taxonomy":"product_tag","embeddable":true,"href":"https:\/\/beerboard.hu\/index.php?rest_route=%2Fwp%2Fv2%2Fproduct_tag&post=626"}],"curies":[{"name":"wp","href":"https:\/\/api.w.org\/{rel}","templated":true}]}}