{"id":599,"date":"2024-02-28T15:33:00","date_gmt":"2024-02-28T13:33:00","guid":{"rendered":"https:\/\/beerboard.hu\/?post_type=product&#038;p=599"},"modified":"2024-02-29T13:56:20","modified_gmt":"2024-02-29T11:56:20","slug":"lobkowicz-maxx","status":"publish","type":"product","link":"https:\/\/beerboard.hu\/?product=lobkowicz-maxx","title":{"rendered":"Lobkowicz MaxX"},"content":{"rendered":"","protected":false},"excerpt":{"rendered":"<p>Testes mal\u00e1t\u00e1s \u00edze van, amely k\u00e9s\u0151bb kellemes koml\u00f3 keser\u0171s\u00e9gg\u00e9 v\u00e1lik. M\u00e9zes sz\u00edn\u00e9vel \u00e9s finom mal\u00e1ta arom\u00e1j\u00e1val is leny\u0171g\u00f6z.<\/p>\n<p>Alk.: 4,2%<\/p>\n<p>EPM: 10,5\u00b0<\/p>\n<p>IBU: 26<\/p>\n","protected":false},"featured_media":622,"comment_status":"open","ping_status":"closed","template":"","meta":[],"product_cat":[19,27],"product_tag":[],"class_list":{"0":"post-599","1":"product","2":"type-product","3":"status-publish","4":"has-post-thumbnail","6":"product_cat-lobkowicz-csoport","7":"product_cat-minden-aru","9":"entry","10":"has-media","12":"first","13":"instock","14":"shipping-taxable","15":"product-type-simple","16":"has-product-nav","17":"col","18":"span_1_of_4","19":"owp-content-center","20":"owp-thumbs-layout-horizontal","21":"owp-btn-big","22":"owp-tabs-layout-horizontal","23":"has-no-thumbnails"},"_links":{"self":[{"href":"https:\/\/beerboard.hu\/index.php?rest_route=\/wp\/v2\/product\/599","targetHints":{"allow":["GET"]}}],"collection":[{"href":"https:\/\/beerboard.hu\/index.php?rest_route=\/wp\/v2\/product"}],"about":[{"href":"https:\/\/beerboard.hu\/index.php?rest_route=\/wp\/v2\/types\/product"}],"replies":[{"embeddable":true,"href":"https:\/\/beerboard.hu\/index.php?rest_route=%2Fwp%2Fv2%2Fcomments&post=599"}],"wp:featuredmedia":[{"embeddable":true,"href":"https:\/\/beerboard.hu\/index.php?rest_route=\/wp\/v2\/media\/622"}],"wp:attachment":[{"href":"https:\/\/beerboard.hu\/index.php?rest_route=%2Fwp%2Fv2%2Fmedia&parent=599"}],"wp:term":[{"taxonomy":"product_cat","embeddable":true,"href":"https:\/\/beerboard.hu\/index.php?rest_route=%2Fwp%2Fv2%2Fproduct_cat&post=599"},{"taxonomy":"product_tag","embeddable":true,"href":"https:\/\/beerboard.hu\/index.php?rest_route=%2Fwp%2Fv2%2Fproduct_tag&post=599"}],"curies":[{"name":"wp","href":"https:\/\/api.w.org\/{rel}","templated":true}]}}