{"id":568,"date":"2024-02-28T14:18:38","date_gmt":"2024-02-28T12:18:38","guid":{"rendered":"https:\/\/beerboard.hu\/?post_type=product&#038;p=568"},"modified":"2024-02-28T14:50:40","modified_gmt":"2024-02-28T12:50:40","slug":"cerna-hora-granat","status":"publish","type":"product","link":"https:\/\/beerboard.hu\/?product=cerna-hora-granat","title":{"rendered":"Cerna Hora Gran\u00e1t"},"content":{"rendered":"","protected":false},"excerpt":{"rendered":"<p>Ez a n\u00e9gyf\u00e9le mal\u00e1t\u00e1b\u00f3l f\u0151z\u00f6tt s\u00f6t\u00e9t lager egyed\u00fcl\u00e1ll\u00f3 karakteres \u00edzvil\u00e1ggal rendelkezik. Speci\u00e1lis illat\u00e1t a Carared \u00e9s Chocolate b\u00faza mal\u00e1t\u00e1k adj\u00e1k, m\u00edg a Saaz koml\u00f3 felhaszn\u00e1l\u00e1s\u00e1val finom \u00e9s kiegyens\u00falyozott keser\u0171s\u00e9get kap.<\/p>\n<p>Alk.: 4,5%<\/p>\n<p>EPM: 11,5\u00b0<\/p>\n<p>IBU: 24<\/p>\n","protected":false},"featured_media":583,"comment_status":"open","ping_status":"closed","template":"","meta":[],"product_cat":[18,27],"product_tag":[],"class_list":{"0":"post-568","1":"product","2":"type-product","3":"status-publish","4":"has-post-thumbnail","6":"product_cat-cerna-hora","7":"product_cat-minden-aru","9":"entry","10":"has-media","12":"first","13":"instock","14":"shipping-taxable","15":"product-type-simple","16":"has-product-nav","17":"col","18":"span_1_of_4","19":"owp-content-center","20":"owp-thumbs-layout-horizontal","21":"owp-btn-big","22":"owp-tabs-layout-horizontal","23":"has-no-thumbnails"},"_links":{"self":[{"href":"https:\/\/beerboard.hu\/index.php?rest_route=\/wp\/v2\/product\/568","targetHints":{"allow":["GET"]}}],"collection":[{"href":"https:\/\/beerboard.hu\/index.php?rest_route=\/wp\/v2\/product"}],"about":[{"href":"https:\/\/beerboard.hu\/index.php?rest_route=\/wp\/v2\/types\/product"}],"replies":[{"embeddable":true,"href":"https:\/\/beerboard.hu\/index.php?rest_route=%2Fwp%2Fv2%2Fcomments&post=568"}],"wp:featuredmedia":[{"embeddable":true,"href":"https:\/\/beerboard.hu\/index.php?rest_route=\/wp\/v2\/media\/583"}],"wp:attachment":[{"href":"https:\/\/beerboard.hu\/index.php?rest_route=%2Fwp%2Fv2%2Fmedia&parent=568"}],"wp:term":[{"taxonomy":"product_cat","embeddable":true,"href":"https:\/\/beerboard.hu\/index.php?rest_route=%2Fwp%2Fv2%2Fproduct_cat&post=568"},{"taxonomy":"product_tag","embeddable":true,"href":"https:\/\/beerboard.hu\/index.php?rest_route=%2Fwp%2Fv2%2Fproduct_tag&post=568"}],"curies":[{"name":"wp","href":"https:\/\/api.w.org\/{rel}","templated":true}]}}