{"id":559,"date":"2024-02-28T13:05:32","date_gmt":"2024-02-28T11:05:32","guid":{"rendered":"https:\/\/beerboard.hu\/?post_type=product&#038;p=559"},"modified":"2024-02-28T14:51:19","modified_gmt":"2024-02-28T12:51:19","slug":"cerna-hora-velen","status":"publish","type":"product","link":"https:\/\/beerboard.hu\/?product=cerna-hora-velen","title":{"rendered":"Cerna Hora Velen"},"content":{"rendered":"","protected":false},"excerpt":{"rendered":"<p>Testes, vil\u00e1gos, sz\u0171retlen b\u00fazas\u00f6r. K\u00f6nny\u0171, aranyl\u00f3 sz\u00edn\u0171, gy\u00fcm\u00f6lcs\u00f6s \u00e9s f\u0171szeres illat\u00fa ned\u0171.<\/p>\n<p>Alk.: 4,8 %<\/p>\n<p>EPM: 11,7\u00b0<\/p>\n<p>IBU: 16<\/p>\n","protected":false},"featured_media":566,"comment_status":"open","ping_status":"closed","template":"","meta":[],"product_cat":[18,27],"product_tag":[],"class_list":{"0":"post-559","1":"product","2":"type-product","3":"status-publish","4":"has-post-thumbnail","6":"product_cat-cerna-hora","7":"product_cat-minden-aru","9":"entry","10":"has-media","12":"first","13":"instock","14":"shipping-taxable","15":"product-type-simple","16":"has-product-nav","17":"col","18":"span_1_of_4","19":"owp-content-center","20":"owp-thumbs-layout-horizontal","21":"owp-btn-big","22":"owp-tabs-layout-horizontal","23":"has-no-thumbnails"},"_links":{"self":[{"href":"https:\/\/beerboard.hu\/index.php?rest_route=\/wp\/v2\/product\/559","targetHints":{"allow":["GET"]}}],"collection":[{"href":"https:\/\/beerboard.hu\/index.php?rest_route=\/wp\/v2\/product"}],"about":[{"href":"https:\/\/beerboard.hu\/index.php?rest_route=\/wp\/v2\/types\/product"}],"replies":[{"embeddable":true,"href":"https:\/\/beerboard.hu\/index.php?rest_route=%2Fwp%2Fv2%2Fcomments&post=559"}],"wp:featuredmedia":[{"embeddable":true,"href":"https:\/\/beerboard.hu\/index.php?rest_route=\/wp\/v2\/media\/566"}],"wp:attachment":[{"href":"https:\/\/beerboard.hu\/index.php?rest_route=%2Fwp%2Fv2%2Fmedia&parent=559"}],"wp:term":[{"taxonomy":"product_cat","embeddable":true,"href":"https:\/\/beerboard.hu\/index.php?rest_route=%2Fwp%2Fv2%2Fproduct_cat&post=559"},{"taxonomy":"product_tag","embeddable":true,"href":"https:\/\/beerboard.hu\/index.php?rest_route=%2Fwp%2Fv2%2Fproduct_tag&post=559"}],"curies":[{"name":"wp","href":"https:\/\/api.w.org\/{rel}","templated":true}]}}