{"id":531,"date":"2024-02-27T16:50:15","date_gmt":"2024-02-27T14:50:15","guid":{"rendered":"https:\/\/beerboard.hu\/?post_type=product&#038;p=531"},"modified":"2025-01-17T14:57:05","modified_gmt":"2025-01-17T12:57:05","slug":"holba-free","status":"publish","type":"product","link":"https:\/\/beerboard.hu\/?product=holba-free","title":{"rendered":"Holba Nealko"},"content":{"rendered":"","protected":false},"excerpt":{"rendered":"<p>A <strong>Holba Nealko<\/strong> egy alkoholmentes cseh s\u00f6r, amelyet a Holba s\u00f6rf\u0151zde k\u00e9sz\u00edt a Jesen\u00edky-hegys\u00e9g tiszta forr\u00e1sviz\u00e9b\u0151l. \u00cdzvil\u00e1ga friss\u00edt\u0151, enyh\u00e9n mal\u00e1t\u00e1s \u00e9s finoman koml\u00f3s, hasonl\u00f3an a hagyom\u00e1nyos Holba s\u00f6r\u00f6kh\u00f6z, de alkohol n\u00e9lk\u00fcl. Kiv\u00e1l\u00f3 v\u00e1laszt\u00e1s azok sz\u00e1m\u00e1ra, akik a s\u00f6r \u00edz\u00e9t \u00e9lvezn\u00e9k, mik\u00f6zben alkoholmentes alternat\u00edv\u00e1t keresnek.<\/p>\n","protected":false},"featured_media":542,"comment_status":"open","ping_status":"closed","template":"","meta":[],"product_cat":[16,27],"product_tag":[],"class_list":{"0":"post-531","1":"product","2":"type-product","3":"status-publish","4":"has-post-thumbnail","6":"product_cat-holba","7":"product_cat-minden-aru","9":"entry","10":"has-media","12":"first","13":"instock","14":"shipping-taxable","15":"product-type-simple","16":"has-product-nav","17":"col","18":"span_1_of_4","19":"owp-content-center","20":"owp-thumbs-layout-horizontal","21":"owp-btn-big","22":"owp-tabs-layout-horizontal","23":"has-no-thumbnails"},"_links":{"self":[{"href":"https:\/\/beerboard.hu\/index.php?rest_route=\/wp\/v2\/product\/531","targetHints":{"allow":["GET"]}}],"collection":[{"href":"https:\/\/beerboard.hu\/index.php?rest_route=\/wp\/v2\/product"}],"about":[{"href":"https:\/\/beerboard.hu\/index.php?rest_route=\/wp\/v2\/types\/product"}],"replies":[{"embeddable":true,"href":"https:\/\/beerboard.hu\/index.php?rest_route=%2Fwp%2Fv2%2Fcomments&post=531"}],"wp:featuredmedia":[{"embeddable":true,"href":"https:\/\/beerboard.hu\/index.php?rest_route=\/wp\/v2\/media\/542"}],"wp:attachment":[{"href":"https:\/\/beerboard.hu\/index.php?rest_route=%2Fwp%2Fv2%2Fmedia&parent=531"}],"wp:term":[{"taxonomy":"product_cat","embeddable":true,"href":"https:\/\/beerboard.hu\/index.php?rest_route=%2Fwp%2Fv2%2Fproduct_cat&post=531"},{"taxonomy":"product_tag","embeddable":true,"href":"https:\/\/beerboard.hu\/index.php?rest_route=%2Fwp%2Fv2%2Fproduct_tag&post=531"}],"curies":[{"name":"wp","href":"https:\/\/api.w.org\/{rel}","templated":true}]}}