{"id":865,"date":"2025-03-20T14:21:13","date_gmt":"2025-03-20T12:21:13","guid":{"rendered":"https:\/\/beerboard.hu\/?page_id=865"},"modified":"2025-04-04T10:48:57","modified_gmt":"2025-04-04T08:48:57","slug":"ferdinand","status":"publish","type":"page","link":"https:\/\/beerboard.hu\/?page_id=865","title":{"rendered":"Ferdinand"},"content":{"rendered":"\n<div class=\"wp-block-cover\"><span aria-hidden=\"true\" class=\"wp-block-cover__background has-background-dim-100 has-background-dim\"><\/span><div class=\"wp-block-cover__inner-container is-layout-flow wp-block-cover-is-layout-flow\">\n<div class=\"wp-block-group is-vertical is-layout-flex wp-container-core-group-is-layout-8cf370e7 wp-block-group-is-layout-flex\">\n<p class=\"has-white-color has-black-background-color has-text-color has-background has-link-color has-small-font-size wp-elements-9345623261296f33cb3165b2749bc195\">Az \u00edr\u00e1sos feljegyz\u00e9sek szerint Bene\u0161ovban m\u00e1r 1495-ben f\u0151ztek s\u00f6rt. <\/p>\n\n\n\n<p class=\"has-white-color has-black-background-color has-text-color has-background has-link-color has-small-font-size wp-elements-5067e640456b642cdccb6dc43ea55f5c\">1887-ben Ferenc Ferdinand f\u0151herceg megv\u00e1s\u00e1rolta a Konopi\u0161t\u011b kast\u00e9lyt, minden gazdas\u00e1gi tev\u00e9kenys\u00e9g\u00e9vel egy\u00fctt az elad\u00f3sodott Ferenc Eugent\u0151l, Lobkowicz herceg\u00e9t\u0151l.<\/p>\n\n\n\n<p class=\"has-white-color has-black-background-color has-text-color has-background has-link-color has-small-font-size wp-elements-e24f80b984aa51f5fffe20c7b996d373\">A kast\u00e9ly Ferenc Ferdin\u00e1nd f\u0151herceg ny\u00e1ri rezidenci\u00e1ja lett Csehorsz\u00e1gban, Bene\u0161ov v\u00e1ros\u00e1t\u00f3l 2 km-re.&nbsp;<\/p>\n\n\n\n<p class=\"has-white-color has-black-background-color has-text-color has-background has-link-color has-small-font-size wp-elements-07514714972ecf7385ccf9a93a2341e6\">Nem sokkal a bene\u0161ovi s\u00f6rf\u0151zde \u00e9s mal\u00e1tah\u00e1z helyis\u00e9geinek megv\u00e1s\u00e1rl\u00e1sa ut\u00e1n Ferenc Ferdin\u00e1nd \u00fagy d\u00f6nt\u00f6tt, hogy teljesen \u00fajj\u00e1\u00e9p\u00edti. 1887-ben elk\u00e9sz\u00edtette az \u00faj, modern s\u00f6rf\u0151zde \u00e9p\u00edt\u00e9si terveit \u2013 ugyanebben az \u00e9vben a projekt egy r\u00e9sz\u00e9t t\u00e9nylegesen meg is val\u00f3s\u00edtott\u00e1k, 1888-ban pedig m\u00e1r egy \u00faj, k\u00e9t tart\u00e1lyos s\u00f6rf\u0151z\u0151ben f\u0151zt\u00e9k a s\u00f6rt.<\/p>\n\n\n\n<p class=\"has-white-color has-black-background-color has-text-color has-background has-link-color has-small-font-size wp-elements-eb9a93ea43a870f07a960346d9f15308\">&nbsp;<strong>A k\u00f6rny\u00e9k legmodernebb s\u00f6rf\u0151zd\u00e9je<\/strong><\/p>\n\n\n\n<p class=\"has-white-color has-black-background-color has-text-color has-background has-link-color has-small-font-size wp-elements-9d8af3e5e1b9d7556c14a068f06b6a91\">1897-ben Ferenc Ferdinand \u00fagy d\u00f6nt\u00f6tt, hogy meg\u00e9p\u00edti az Osztr\u00e1k-Magyar Monarchia legmodernebb l\u00e9tes\u00edtm\u00e9ny\u00e9t. 1898 elej\u00e9n a teljes \u00e9p\u00edtkez\u00e9st j\u00f3v\u00e1hagyt\u00e1k \u2013 \u00e9s a termel\u00e9s m\u00e1rciusban m\u00e1r meg is kezd\u0151d\u00f6tt.<\/p>\n<\/div>\n\n\n\n<figure class=\"wp-block-gallery has-nested-images columns-default is-cropped wp-block-gallery-1 is-layout-flex wp-block-gallery-is-layout-flex\">\n<figure class=\"wp-block-image size-large\"><img loading=\"lazy\" decoding=\"async\" width=\"1024\" height=\"536\" data-id=\"879\" src=\"https:\/\/beerboard.hu\/wp-content\/uploads\/2025\/03\/474595987_9048908818490082_3343271455657515591_n-1024x536.jpg\" alt=\"\" class=\"wp-image-879\" srcset=\"https:\/\/beerboard.hu\/wp-content\/uploads\/2025\/03\/474595987_9048908818490082_3343271455657515591_n-1024x536.jpg 1024w, https:\/\/beerboard.hu\/wp-content\/uploads\/2025\/03\/474595987_9048908818490082_3343271455657515591_n-300x157.jpg 300w, https:\/\/beerboard.hu\/wp-content\/uploads\/2025\/03\/474595987_9048908818490082_3343271455657515591_n-768x402.jpg 768w, https:\/\/beerboard.hu\/wp-content\/uploads\/2025\/03\/474595987_9048908818490082_3343271455657515591_n-600x314.jpg 600w, https:\/\/beerboard.hu\/wp-content\/uploads\/2025\/03\/474595987_9048908818490082_3343271455657515591_n.jpg 1200w\" sizes=\"auto, (max-width: 1024px) 100vw, 1024px\" \/><\/figure>\n<\/figure>\n<\/div><\/div>\n\n\n<div class=\"wp-block-image\">\n<figure class=\"aligncenter size-full is-resized\"><img loading=\"lazy\" decoding=\"async\" width=\"444\" height=\"500\" src=\"https:\/\/beerboard.hu\/wp-content\/uploads\/2025\/04\/Kep8.png\" alt=\"\" class=\"wp-image-924\" style=\"width:419px;height:auto\" srcset=\"https:\/\/beerboard.hu\/wp-content\/uploads\/2025\/04\/Kep8.png 444w, https:\/\/beerboard.hu\/wp-content\/uploads\/2025\/04\/Kep8-266x300.png 266w, https:\/\/beerboard.hu\/wp-content\/uploads\/2025\/04\/Kep8-300x338.png 300w\" sizes=\"auto, (max-width: 444px) 100vw, 444px\" \/><\/figure>\n<\/div>\n\n<div class=\"wp-block-image\">\n<figure class=\"aligncenter size-full\"><img loading=\"lazy\" decoding=\"async\" width=\"444\" height=\"500\" src=\"https:\/\/beerboard.hu\/wp-content\/uploads\/2025\/04\/Kep4.png\" alt=\"\" class=\"wp-image-925\" srcset=\"https:\/\/beerboard.hu\/wp-content\/uploads\/2025\/04\/Kep4.png 444w, https:\/\/beerboard.hu\/wp-content\/uploads\/2025\/04\/Kep4-266x300.png 266w, https:\/\/beerboard.hu\/wp-content\/uploads\/2025\/04\/Kep4-300x338.png 300w\" sizes=\"auto, (max-width: 444px) 100vw, 444px\" \/><\/figure>\n<\/div>\n\n<div class=\"wp-block-image\">\n<figure class=\"aligncenter size-full is-resized\"><img loading=\"lazy\" decoding=\"async\" width=\"445\" height=\"499\" src=\"https:\/\/beerboard.hu\/wp-content\/uploads\/2025\/04\/Kep5.png\" alt=\"\" class=\"wp-image-926\" style=\"width:456px;height:auto\" srcset=\"https:\/\/beerboard.hu\/wp-content\/uploads\/2025\/04\/Kep5.png 445w, https:\/\/beerboard.hu\/wp-content\/uploads\/2025\/04\/Kep5-268x300.png 268w, https:\/\/beerboard.hu\/wp-content\/uploads\/2025\/04\/Kep5-300x336.png 300w\" sizes=\"auto, (max-width: 445px) 100vw, 445px\" \/><\/figure>\n<\/div>\n\n<div class=\"wp-block-image\">\n<figure class=\"aligncenter size-full is-resized\"><img loading=\"lazy\" decoding=\"async\" width=\"354\" height=\"500\" src=\"https:\/\/beerboard.hu\/wp-content\/uploads\/2025\/04\/Kep6.png\" alt=\"\" class=\"wp-image-927\" style=\"width:388px;height:auto\" srcset=\"https:\/\/beerboard.hu\/wp-content\/uploads\/2025\/04\/Kep6.png 354w, https:\/\/beerboard.hu\/wp-content\/uploads\/2025\/04\/Kep6-212x300.png 212w, https:\/\/beerboard.hu\/wp-content\/uploads\/2025\/04\/Kep6-300x424.png 300w\" sizes=\"auto, (max-width: 354px) 100vw, 354px\" \/><\/figure>\n<\/div>\n\n<div class=\"wp-block-image\">\n<figure class=\"aligncenter size-full\"><img loading=\"lazy\" decoding=\"async\" width=\"444\" height=\"500\" src=\"https:\/\/beerboard.hu\/wp-content\/uploads\/2025\/04\/Kep7.png\" alt=\"\" class=\"wp-image-928\" srcset=\"https:\/\/beerboard.hu\/wp-content\/uploads\/2025\/04\/Kep7.png 444w, https:\/\/beerboard.hu\/wp-content\/uploads\/2025\/04\/Kep7-266x300.png 266w, https:\/\/beerboard.hu\/wp-content\/uploads\/2025\/04\/Kep7-300x338.png 300w\" sizes=\"auto, (max-width: 444px) 100vw, 444px\" \/><\/figure>\n<\/div>\n\n<div class=\"wp-block-image\">\n<figure class=\"aligncenter size-full\"><img loading=\"lazy\" decoding=\"async\" width=\"444\" height=\"500\" src=\"https:\/\/beerboard.hu\/wp-content\/uploads\/2025\/04\/Kep9.png\" alt=\"\" class=\"wp-image-929\" srcset=\"https:\/\/beerboard.hu\/wp-content\/uploads\/2025\/04\/Kep9.png 444w, https:\/\/beerboard.hu\/wp-content\/uploads\/2025\/04\/Kep9-266x300.png 266w, https:\/\/beerboard.hu\/wp-content\/uploads\/2025\/04\/Kep9-300x338.png 300w\" sizes=\"auto, (max-width: 444px) 100vw, 444px\" \/><\/figure>\n<\/div>","protected":false},"excerpt":{"rendered":"","protected":false},"author":1,"featured_media":879,"parent":0,"menu_order":0,"comment_status":"closed","ping_status":"closed","template":"","meta":{"footnotes":""},"class_list":["post-865","page","type-page","status-publish","has-post-thumbnail","hentry","entry","has-media","owp-thumbs-layout-horizontal","owp-btn-big","owp-tabs-layout-horizontal","has-no-thumbnails","has-product-nav"],"_links":{"self":[{"href":"https:\/\/beerboard.hu\/index.php?rest_route=\/wp\/v2\/pages\/865","targetHints":{"allow":["GET"]}}],"collection":[{"href":"https:\/\/beerboard.hu\/index.php?rest_route=\/wp\/v2\/pages"}],"about":[{"href":"https:\/\/beerboard.hu\/index.php?rest_route=\/wp\/v2\/types\/page"}],"author":[{"embeddable":true,"href":"https:\/\/beerboard.hu\/index.php?rest_route=\/wp\/v2\/users\/1"}],"replies":[{"embeddable":true,"href":"https:\/\/beerboard.hu\/index.php?rest_route=%2Fwp%2Fv2%2Fcomments&post=865"}],"version-history":[{"count":7,"href":"https:\/\/beerboard.hu\/index.php?rest_route=\/wp\/v2\/pages\/865\/revisions"}],"predecessor-version":[{"id":930,"href":"https:\/\/beerboard.hu\/index.php?rest_route=\/wp\/v2\/pages\/865\/revisions\/930"}],"wp:featuredmedia":[{"embeddable":true,"href":"https:\/\/beerboard.hu\/index.php?rest_route=\/wp\/v2\/media\/879"}],"wp:attachment":[{"href":"https:\/\/beerboard.hu\/index.php?rest_route=%2Fwp%2Fv2%2Fmedia&parent=865"}],"curies":[{"name":"wp","href":"https:\/\/api.w.org\/{rel}","templated":true}]}}