{"id":63,"date":"2021-12-31T19:02:35","date_gmt":"2021-12-31T19:02:35","guid":{"rendered":"http:\/\/ff40221b-6864-52fb-bdbf-5ee4a446dfa0"},"modified":"2024-05-02T15:31:58","modified_gmt":"2024-05-02T13:31:58","slug":"viszonteladoknak","status":"publish","type":"page","link":"https:\/\/beerboard.hu\/?page_id=63","title":{"rendered":"Viszontelad\u00f3knak"},"content":{"rendered":"\t\t<div data-elementor-type=\"wp-page\" data-elementor-id=\"63\" class=\"elementor elementor-63\" data-elementor-settings=\"[]\">\n\t\t\t\t\t\t<div class=\"elementor-inner\">\n\t\t\t\t\t\t\t<div class=\"elementor-section-wrap\">\n\t\t\t\t\t\t\t<section class=\"elementor-section elementor-top-section elementor-element elementor-element-b0c95e9 elementor-section-boxed elementor-section-height-default elementor-section-height-default\" data-id=\"b0c95e9\" data-element_type=\"section\" data-settings=\"{&quot;background_background&quot;:&quot;classic&quot;}\">\n\t\t\t\t\t\t\t<div class=\"elementor-background-overlay\"><\/div>\n\t\t\t\t\t\t\t<div class=\"elementor-container elementor-column-gap-default\">\n\t\t\t\t\t\t\t<div class=\"elementor-row\">\n\t\t\t\t\t<div class=\"elementor-column elementor-col-100 elementor-top-column elementor-element elementor-element-6dc2eef\" data-id=\"6dc2eef\" data-element_type=\"column\">\n\t\t\t<div class=\"elementor-column-wrap elementor-element-populated\">\n\t\t\t\t\t\t\t<div class=\"elementor-widget-wrap\">\n\t\t\t\t\t\t<div class=\"elementor-element elementor-element-68fa176 animated-slow elementor-invisible elementor-widget elementor-widget-heading\" data-id=\"68fa176\" data-element_type=\"widget\" data-settings=\"{&quot;_animation&quot;:&quot;fadeInUp&quot;}\" data-widget_type=\"heading.default\">\n\t\t\t\t<div class=\"elementor-widget-container\">\n\t\t\t<h5 class=\"elementor-heading-title elementor-size-default\">Viszontelad\u00f3knak\n<\/h5>\t\t<\/div>\n\t\t\t\t<\/div>\n\t\t\t\t\t\t<\/div>\n\t\t\t\t\t<\/div>\n\t\t<\/div>\n\t\t\t\t\t\t\t\t<\/div>\n\t\t\t\t\t<\/div>\n\t\t<\/section>\n\t\t\t\t<section class=\"elementor-section elementor-top-section elementor-element elementor-element-394d0d9 elementor-section-boxed elementor-section-height-default elementor-section-height-default\" data-id=\"394d0d9\" data-element_type=\"section\">\n\t\t\t\t\t\t<div class=\"elementor-container elementor-column-gap-default\">\n\t\t\t\t\t\t\t<div class=\"elementor-row\">\n\t\t\t\t\t<div class=\"elementor-column elementor-col-100 elementor-top-column elementor-element elementor-element-b80d170\" data-id=\"b80d170\" data-element_type=\"column\">\n\t\t\t<div class=\"elementor-column-wrap elementor-element-populated\">\n\t\t\t\t\t\t\t<div class=\"elementor-widget-wrap\">\n\t\t\t\t\t\t<section class=\"elementor-section elementor-inner-section elementor-element elementor-element-ee96060 elementor-reverse-tablet elementor-reverse-mobile elementor-section-boxed elementor-section-height-default elementor-section-height-default\" data-id=\"ee96060\" data-element_type=\"section\">\n\t\t\t\t\t\t<div class=\"elementor-container elementor-column-gap-no\">\n\t\t\t\t\t\t\t<div class=\"elementor-row\">\n\t\t\t\t\t<div class=\"elementor-column elementor-col-50 elementor-inner-column elementor-element elementor-element-4287d9c4\" data-id=\"4287d9c4\" data-element_type=\"column\">\n\t\t\t<div class=\"elementor-column-wrap elementor-element-populated\">\n\t\t\t\t\t\t\t<div class=\"elementor-widget-wrap\">\n\t\t\t\t\t\t<div class=\"elementor-element elementor-element-c6f7434 elementor-widget elementor-widget-image\" data-id=\"c6f7434\" data-element_type=\"widget\" data-widget_type=\"image.default\">\n\t\t\t\t<div class=\"elementor-widget-container\">\n\t\t\t\t\t\t\t\t<div class=\"elementor-image\">\n\t\t\t\t\t\t\t\t\t\t\t\t<img loading=\"lazy\" decoding=\"async\" width=\"682\" height=\"1024\" src=\"https:\/\/beerboard.hu\/wp-content\/uploads\/2022\/01\/beer-taps-in-a-pub-682x1024.jpg\" class=\"attachment-large size-large\" alt=\"Beer taps in a pub\" srcset=\"https:\/\/beerboard.hu\/wp-content\/uploads\/2022\/01\/beer-taps-in-a-pub-682x1024.jpg 682w, https:\/\/beerboard.hu\/wp-content\/uploads\/2022\/01\/beer-taps-in-a-pub-300x450.jpg 300w, https:\/\/beerboard.hu\/wp-content\/uploads\/2022\/01\/beer-taps-in-a-pub-600x900.jpg 600w, https:\/\/beerboard.hu\/wp-content\/uploads\/2022\/01\/beer-taps-in-a-pub-200x300.jpg 200w, https:\/\/beerboard.hu\/wp-content\/uploads\/2022\/01\/beer-taps-in-a-pub-768x1152.jpg 768w, https:\/\/beerboard.hu\/wp-content\/uploads\/2022\/01\/beer-taps-in-a-pub-1024x1536.jpg 1024w, https:\/\/beerboard.hu\/wp-content\/uploads\/2022\/01\/beer-taps-in-a-pub.jpg 1333w\" sizes=\"auto, (max-width: 682px) 100vw, 682px\" \/>\t\t\t\t\t\t\t\t\t\t\t\t\t\t<\/div>\n\t\t\t\t\t\t<\/div>\n\t\t\t\t<\/div>\n\t\t\t\t\t\t<\/div>\n\t\t\t\t\t<\/div>\n\t\t<\/div>\n\t\t\t\t<div class=\"elementor-column elementor-col-50 elementor-inner-column elementor-element elementor-element-3454b177\" data-id=\"3454b177\" data-element_type=\"column\">\n\t\t\t<div class=\"elementor-column-wrap elementor-element-populated\">\n\t\t\t\t\t\t\t<div class=\"elementor-widget-wrap\">\n\t\t\t\t\t\t<div class=\"elementor-element elementor-element-4fd50470 elementor-widget elementor-widget-text-editor\" data-id=\"4fd50470\" data-element_type=\"widget\" data-widget_type=\"text-editor.default\">\n\t\t\t\t<div class=\"elementor-widget-container\">\n\t\t\t\t\t\t\t\t<div class=\"elementor-text-editor elementor-clearfix\">\n\t\t\t\t<p>A <strong>Beer Board Kft.\u00a0<\/strong>2013 \u00f3ta import\u00e1l Csehorsz\u00e1gb\u00f3l kis\u00fczemi s\u00f6r\u00f6ket, \u00e9s foglalkozik hazai forgalmaz\u00e1sukkal. C\u00e9lunk az \u00e9rt\u00e9kes\u00edt\u00e9s mellett a cseh s\u00f6r \u00e9s s\u00f6rkult\u00fara hiteles megismertet\u00e9se, a min\u0151s\u00e9gi s\u00f6riv\u00e1s n\u00e9pszer\u0171s\u00edt\u00e9se a mennyis\u00e9gi fogyaszt\u00e1ssal szemben. Meg k\u00edv\u00e1njuk mutatni a magyar embereknek, hogy a s\u00f6r nemcsak egy s\u00e1rga, bubor\u00e9kos folyad\u00e9k, hanem \u00edz\u00e9ben \u00e9s sz\u00ednvil\u00e1g\u00e1ban rendk\u00edv\u00fcl v\u00e1ltozatos, friss\u00edt\u0151, finom, eg\u00e9szs\u00e9ges ned\u0171. C\u00e9g\u00fcnk h\u00edve a m\u00e9rt\u00e9kletes, \u00e1m min\u0151s\u00e9gi s\u00f6r fogyaszt\u00e1snak.\u00a0<\/p><p><strong>10 Cseh s\u00f6rgy\u00e1r, s\u00f6r\u00fczem \u00e9s csal\u00e1di s\u00f6rf\u0151zde term\u00e9keit forgalmazzuk jelenleg Magyarorsz\u00e1gon<\/strong>, \u00edgy t\u00f6bb, mint 50 f\u00e9le eredeti cseh s\u00f6rb\u0151l lehet n\u00e1lunk v\u00e1logatni. Ezen term\u00e9kek k\u00f6z\u00fcl t\u00f6bb s\u00f6r is cseh, illetve nemzetk\u00f6zi d\u00edjakkal rendelkezik (pl. PIVEX, CZECH BEER OF 2015 &#8211; 2023 BEER OF THE CZECH REPUBLIC \u00e9s WBA (World Beer Awards), stb. ). Besz\u00e1ll\u00edt\u00f3ink k\u00f6z\u00f6tt megtal\u00e1lhat\u00f3 pl. a Csehorsz\u00e1gban 2016-ban az \u00e9v legjobb kis\u00fczemi (k\u00e9zm\u0171ves) s\u00f6rf\u0151zd\u00e9j\u00e9nek v\u00e1lasztott s\u00f6r\u00fczem is, a Permon Csal\u00e1di S\u00f6rf\u0151zde! S\u00f6reink k\u00f6z\u00f6tt a sz\u0171rtt\u0151l a sz\u0171retlenig, a paszt\u00f6riz\u00e1ltt\u00f3l a paszt\u00f6riz\u00e1latlanig, a vil\u00e1gost\u00f3l a v\u00f6r\u00f6s\u00f6n kereszt\u00fcl a feket\u00e9ig, a l\u00e1ger s\u00f6r\u00f6kt\u0151l a pils t\u00edpus\u00faakon kereszt\u00fcl az ALE s\u00f6r\u00f6kig minden megtal\u00e1lhat\u00f3.<\/p><p>Partnereink r\u00e9sz\u00e9re a <strong>Sz\u00e1ll\u00edt\u00e1s<\/strong> Budapest ter\u00fclet\u00e9n <strong>hetente 3-4 alkalom<\/strong>mal van, munkanapokon. B\u00e9k\u00e9scsab\u00e1t\u00f3l Gy\u0151rig tal\u00e1lhat\u00f3ak partnereink, ahova szint\u00e9n kisz\u00e1ll\u00edtjuk sz\u00e1mukra a megrendelt s\u00f6r\u00f6ket. Lehet\u0151s\u00e9g van az \u00e1ru szem\u00e9lyes \u00e1tv\u00e9tel\u00e9re is \u00e9rdi irod\u00e1nkban minden nap reggel 8 \u00f3r\u00e1t\u00f3l este 10 \u00f3r\u00e1ig!<\/p><p><em>Tov\u00e1bbi k\u00e9rd\u00e9seivel keressen minket bizalommal!<\/em><\/p>\t\t\t\t\t<\/div>\n\t\t\t\t\t\t<\/div>\n\t\t\t\t<\/div>\n\t\t\t\t<div class=\"elementor-element elementor-element-e5369db elementor-widget elementor-widget-text-editor\" data-id=\"e5369db\" data-element_type=\"widget\" data-widget_type=\"text-editor.default\">\n\t\t\t\t<div class=\"elementor-widget-container\">\n\t\t\t\t\t\t\t\t<div class=\"elementor-text-editor elementor-clearfix\">\n\t\t\t\t<p><strong>\u00dcdv\u00f6zlettel:<\/strong><\/p><p>G\u00e1cs Zolt\u00e1n &#8211; <em>\u00dcgyvezet\u0151<\/em><\/p>\t\t\t\t\t<\/div>\n\t\t\t\t\t\t<\/div>\n\t\t\t\t<\/div>\n\t\t\t\t\t\t<\/div>\n\t\t\t\t\t<\/div>\n\t\t<\/div>\n\t\t\t\t\t\t\t\t<\/div>\n\t\t\t\t\t<\/div>\n\t\t<\/section>\n\t\t\t\t\t\t<\/div>\n\t\t\t\t\t<\/div>\n\t\t<\/div>\n\t\t\t\t\t\t\t\t<\/div>\n\t\t\t\t\t<\/div>\n\t\t<\/section>\n\t\t\t\t<section class=\"elementor-section elementor-top-section elementor-element elementor-element-f2f6498 elementor-section-content-middle elementor-section-boxed elementor-section-height-default elementor-section-height-default\" data-id=\"f2f6498\" data-element_type=\"section\">\n\t\t\t\t\t\t<div class=\"elementor-container elementor-column-gap-default\">\n\t\t\t\t\t\t\t<div class=\"elementor-row\">\n\t\t\t\t\t<div class=\"elementor-column elementor-col-50 elementor-top-column elementor-element elementor-element-0317486\" data-id=\"0317486\" data-element_type=\"column\">\n\t\t\t<div class=\"elementor-column-wrap elementor-element-populated\">\n\t\t\t\t\t\t\t<div class=\"elementor-widget-wrap\">\n\t\t\t\t\t\t<div class=\"elementor-element elementor-element-0112478 elementor-button-align-stretch elementor-widget elementor-widget-form\" data-id=\"0112478\" data-element_type=\"widget\" data-settings=\"{&quot;step_next_label&quot;:&quot;Next&quot;,&quot;step_previous_label&quot;:&quot;Previous&quot;,&quot;button_width&quot;:&quot;100&quot;,&quot;step_type&quot;:&quot;number_text&quot;,&quot;step_icon_shape&quot;:&quot;circle&quot;}\" data-widget_type=\"form.default\">\n\t\t\t\t<div class=\"elementor-widget-container\">\n\t\t\t\t\t<form class=\"elementor-form\" method=\"post\" name=\"New Form\">\n\t\t\t<input type=\"hidden\" name=\"post_id\" value=\"63\"\/>\n\t\t\t<input type=\"hidden\" name=\"form_id\" value=\"0112478\"\/>\n\t\t\t<input type=\"hidden\" name=\"referer_title\" value=\"\" \/>\n\n\t\t\t\n\t\t\t<div class=\"elementor-form-fields-wrapper elementor-labels-\">\n\t\t\t\t\t\t\t\t<div class=\"elementor-field-type-text elementor-field-group elementor-column elementor-field-group-name elementor-col-100 elementor-field-required\">\n\t\t\t\t\t\t\t\t\t\t\t\t<label for=\"form-field-name\" class=\"elementor-field-label elementor-screen-only\">\n\t\t\t\t\t\t\t\tN\u00e9v\t\t\t\t\t\t\t<\/label>\n\t\t\t\t\t\t\t\t\t\t\t\t\t\t<input size=\"1\" type=\"text\" name=\"form_fields[name]\" id=\"form-field-name\" class=\"elementor-field elementor-size-md  elementor-field-textual\" placeholder=\"N\u00e9v\" required=\"required\" aria-required=\"true\">\n\t\t\t\t\t\t\t\t\t\t\t<\/div>\n\t\t\t\t\t\t\t\t<div class=\"elementor-field-type-email elementor-field-group elementor-column elementor-field-group-email elementor-col-100 elementor-field-required\">\n\t\t\t\t\t\t\t\t\t\t\t\t<label for=\"form-field-email\" class=\"elementor-field-label elementor-screen-only\">\n\t\t\t\t\t\t\t\tE-mail:\t\t\t\t\t\t\t<\/label>\n\t\t\t\t\t\t\t\t\t\t\t\t\t\t<input size=\"1\" type=\"email\" name=\"form_fields[email]\" id=\"form-field-email\" class=\"elementor-field elementor-size-md  elementor-field-textual\" placeholder=\"E-mail:\" required=\"required\" aria-required=\"true\">\n\t\t\t\t\t\t\t\t\t\t\t<\/div>\n\t\t\t\t\t\t\t\t<div class=\"elementor-field-type-textarea elementor-field-group elementor-column elementor-field-group-message elementor-col-100\">\n\t\t\t\t\t\t\t\t\t\t\t\t<label for=\"form-field-message\" class=\"elementor-field-label elementor-screen-only\">\n\t\t\t\t\t\t\t\tViszontelad\u00f3k\u00e9nt \u00e9rdekl\u0151dn\u00e9k:\t\t\t\t\t\t\t<\/label>\n\t\t\t\t\t\t<textarea class=\"elementor-field-textual elementor-field  elementor-size-md\" name=\"form_fields[message]\" id=\"form-field-message\" rows=\"3\" placeholder=\"Viszontelad\u00f3k\u00e9nt \u00e9rdekl\u0151dn\u00e9k:\"><\/textarea>\t\t\t\t<\/div>\n\t\t\t\t\t\t\t\t<div class=\"elementor-field-type-textarea elementor-field-group elementor-column elementor-field-group-field_9a5e1be elementor-col-100 elementor-field-required\">\n\t\t\t\t\t\t\t\t\t\t\t\t<label for=\"form-field-field_9a5e1be\" class=\"elementor-field-label elementor-screen-only\">\n\t\t\t\t\t\t\t\tM\u0171k\u00f6d\u00e9si enged\u00e9ly sz\u00e1m:\t\t\t\t\t\t\t<\/label>\n\t\t\t\t\t\t<textarea class=\"elementor-field-textual elementor-field  elementor-size-md\" name=\"form_fields[field_9a5e1be]\" id=\"form-field-field_9a5e1be\" rows=\"2\" placeholder=\"M\u0171k\u00f6d\u00e9si enged\u00e9ly sz\u00e1m:\" required=\"required\" aria-required=\"true\"><\/textarea>\t\t\t\t<\/div>\n\t\t\t\t\t\t\t\t<div class=\"elementor-field-type-recaptcha_v3 elementor-field-group elementor-column elementor-field-group-field_53010af elementor-col-100 recaptcha_v3-bottomright\">\n\t\t\t\t\t<div class=\"elementor-field\" id=\"form-field-field_53010af\"><div class=\"elementor-g-recaptcha\" data-sitekey=\"6LdluSQeAAAAAL1AkHLU01vLPOXYqmNynTFWdmbz\" data-type=\"v3\" data-action=\"Form\" data-badge=\"bottomright\" data-size=\"invisible\"><\/div><\/div>\t\t\t\t<\/div>\n\t\t\t\t\t\t\t\t<div class=\"elementor-field-group elementor-column elementor-field-type-submit elementor-col-100 e-form__buttons\">\n\t\t\t\t\t<button type=\"submit\" class=\"elementor-button elementor-size-md\">\n\t\t\t\t\t\t<span >\n\t\t\t\t\t\t\t\t\t\t\t\t\t\t\t<span class=\" elementor-button-icon\">\n\t\t\t\t\t\t\t\t\t\t\t\t\t\t\t\t\t\t\t\t\t\t\t\t\t\t<\/span>\n\t\t\t\t\t\t\t\t\t\t\t\t\t\t\t\t\t\t\t\t\t\t<span class=\"elementor-button-text\">\u00fczenetet k\u00fcldeni<\/span>\n\t\t\t\t\t\t\t\t\t\t\t\t\t<\/span>\n\t\t\t\t\t<\/button>\n\t\t\t\t<\/div>\n\t\t\t<\/div>\n\t\t<\/form>\n\t\t\t\t<\/div>\n\t\t\t\t<\/div>\n\t\t\t\t\t\t<\/div>\n\t\t\t\t\t<\/div>\n\t\t<\/div>\n\t\t\t\t<div class=\"elementor-column elementor-col-50 elementor-top-column elementor-element elementor-element-a3aa9da\" data-id=\"a3aa9da\" data-element_type=\"column\">\n\t\t\t<div class=\"elementor-column-wrap elementor-element-populated\">\n\t\t\t\t\t\t\t<div class=\"elementor-widget-wrap\">\n\t\t\t\t\t\t<div class=\"elementor-element elementor-element-be5a011 elementor-widget elementor-widget-image\" data-id=\"be5a011\" data-element_type=\"widget\" data-widget_type=\"image.default\">\n\t\t\t\t<div class=\"elementor-widget-container\">\n\t\t\t\t\t\t\t\t<div class=\"elementor-image\">\n\t\t\t\t\t\t\t\t\t\t\t\t<img loading=\"lazy\" decoding=\"async\" width=\"867\" height=\"1024\" src=\"https:\/\/beerboard.hu\/wp-content\/uploads\/2022\/01\/klipartz.com_-867x1024.png\" class=\"attachment-large size-large\" alt=\"\" srcset=\"https:\/\/beerboard.hu\/wp-content\/uploads\/2022\/01\/klipartz.com_-867x1024.png 867w, https:\/\/beerboard.hu\/wp-content\/uploads\/2022\/01\/klipartz.com_-300x354.png 300w, https:\/\/beerboard.hu\/wp-content\/uploads\/2022\/01\/klipartz.com_-600x709.png 600w, https:\/\/beerboard.hu\/wp-content\/uploads\/2022\/01\/klipartz.com_-254x300.png 254w, https:\/\/beerboard.hu\/wp-content\/uploads\/2022\/01\/klipartz.com_-768x907.png 768w, https:\/\/beerboard.hu\/wp-content\/uploads\/2022\/01\/klipartz.com_-1300x1536.png 1300w, https:\/\/beerboard.hu\/wp-content\/uploads\/2022\/01\/klipartz.com_-1734x2048.png 1734w\" sizes=\"auto, (max-width: 867px) 100vw, 867px\" \/>\t\t\t\t\t\t\t\t\t\t\t\t\t\t<\/div>\n\t\t\t\t\t\t<\/div>\n\t\t\t\t<\/div>\n\t\t\t\t\t\t<\/div>\n\t\t\t\t\t<\/div>\n\t\t<\/div>\n\t\t\t\t\t\t\t\t<\/div>\n\t\t\t\t\t<\/div>\n\t\t<\/section>\n\t\t\t\t<section class=\"elementor-section elementor-top-section elementor-element elementor-element-b63aad5 elementor-section-boxed elementor-section-height-default elementor-section-height-default\" data-id=\"b63aad5\" data-element_type=\"section\">\n\t\t\t\t\t\t<div class=\"elementor-container elementor-column-gap-default\">\n\t\t\t\t\t\t\t<div class=\"elementor-row\">\n\t\t\t\t\t<div class=\"elementor-column elementor-col-100 elementor-top-column elementor-element elementor-element-d36d3f1\" data-id=\"d36d3f1\" data-element_type=\"column\">\n\t\t\t<div class=\"elementor-column-wrap elementor-element-populated\">\n\t\t\t\t\t\t\t<div class=\"elementor-widget-wrap\">\n\t\t\t\t\t\t<div class=\"elementor-element elementor-element-e2502df elementor-widget elementor-widget-image\" data-id=\"e2502df\" data-element_type=\"widget\" data-widget_type=\"image.default\">\n\t\t\t\t<div class=\"elementor-widget-container\">\n\t\t\t\t\t\t\t\t<div class=\"elementor-image\">\n\t\t\t\t\t\t\t\t\t\t\t\t<img loading=\"lazy\" decoding=\"async\" width=\"222\" height=\"312\" src=\"https:\/\/beerboard.hu\/wp-content\/uploads\/2024\/05\/Kep1.png\" class=\"attachment-large size-large\" alt=\"\" srcset=\"https:\/\/beerboard.hu\/wp-content\/uploads\/2024\/05\/Kep1.png 222w, https:\/\/beerboard.hu\/wp-content\/uploads\/2024\/05\/Kep1-213x300.png 213w\" sizes=\"auto, (max-width: 222px) 100vw, 222px\" \/>\t\t\t\t\t\t\t\t\t\t\t\t\t\t<\/div>\n\t\t\t\t\t\t<\/div>\n\t\t\t\t<\/div>\n\t\t\t\t\t\t<\/div>\n\t\t\t\t\t<\/div>\n\t\t<\/div>\n\t\t\t\t\t\t\t\t<\/div>\n\t\t\t\t\t<\/div>\n\t\t<\/section>\n\t\t\t\t\t\t<\/div>\n\t\t\t\t\t\t<\/div>\n\t\t\t\t\t<\/div>\n\t\t","protected":false},"excerpt":{"rendered":"<p>Viszontelad\u00f3knak A Beer Board Kft.\u00a02013 \u00f3ta import\u00e1l Csehorsz\u00e1gb\u00f3l kis\u00fczemi s\u00f6r\u00f6ket, \u00e9s foglalkozik hazai forgalmaz\u00e1sukkal. C\u00e9lunk az \u00e9rt\u00e9kes\u00edt\u00e9s mellett a cseh s\u00f6r \u00e9s s\u00f6rkult\u00fara hiteles megismertet\u00e9se, a min\u0151s\u00e9gi s\u00f6riv\u00e1s n\u00e9pszer\u0171s\u00edt\u00e9se a mennyis\u00e9gi fogyaszt\u00e1ssal szemben. Meg k\u00edv\u00e1njuk mutatni a magyar embereknek, hogy a s\u00f6r nemcsak egy s\u00e1rga, bubor\u00e9kos folyad\u00e9k, hanem \u00edz\u00e9ben \u00e9s sz\u00ednvil\u00e1g\u00e1ban rendk\u00edv\u00fcl v\u00e1ltozatos, friss\u00edt\u0151, finom, [&hellip;]<\/p>\n","protected":false},"author":0,"featured_media":0,"parent":0,"menu_order":0,"comment_status":"closed","ping_status":"closed","template":"","meta":{"footnotes":""},"class_list":["post-63","page","type-page","status-publish","hentry","entry","owp-thumbs-layout-horizontal","owp-btn-big","owp-tabs-layout-horizontal","has-no-thumbnails","has-product-nav"],"_links":{"self":[{"href":"https:\/\/beerboard.hu\/index.php?rest_route=\/wp\/v2\/pages\/63","targetHints":{"allow":["GET"]}}],"collection":[{"href":"https:\/\/beerboard.hu\/index.php?rest_route=\/wp\/v2\/pages"}],"about":[{"href":"https:\/\/beerboard.hu\/index.php?rest_route=\/wp\/v2\/types\/page"}],"replies":[{"embeddable":true,"href":"https:\/\/beerboard.hu\/index.php?rest_route=%2Fwp%2Fv2%2Fcomments&post=63"}],"version-history":[{"count":33,"href":"https:\/\/beerboard.hu\/index.php?rest_route=\/wp\/v2\/pages\/63\/revisions"}],"predecessor-version":[{"id":716,"href":"https:\/\/beerboard.hu\/index.php?rest_route=\/wp\/v2\/pages\/63\/revisions\/716"}],"wp:attachment":[{"href":"https:\/\/beerboard.hu\/index.php?rest_route=%2Fwp%2Fv2%2Fmedia&parent=63"}],"curies":[{"name":"wp","href":"https:\/\/api.w.org\/{rel}","templated":true}]}}