{"id":53,"date":"2021-12-31T19:02:27","date_gmt":"2021-12-31T19:02:27","guid":{"rendered":"http:\/\/fd9be1f6-8293-5fca-afbe-1cac78181af4"},"modified":"2022-02-03T00:17:26","modified_gmt":"2022-02-03T00:17:26","slug":"sorfutar","status":"publish","type":"page","link":"https:\/\/beerboard.hu\/?page_id=53","title":{"rendered":"S\u00f6rfut\u00e1r"},"content":{"rendered":"\t\t<div data-elementor-type=\"wp-page\" data-elementor-id=\"53\" class=\"elementor elementor-53\" data-elementor-settings=\"[]\">\n\t\t\t\t\t\t<div class=\"elementor-inner\">\n\t\t\t\t\t\t\t<div class=\"elementor-section-wrap\">\n\t\t\t\t\t\t\t<section class=\"elementor-section elementor-top-section elementor-element elementor-element-6ea41d0 elementor-section-boxed elementor-section-height-default elementor-section-height-default\" data-id=\"6ea41d0\" data-element_type=\"section\" data-settings=\"{&quot;background_background&quot;:&quot;classic&quot;}\">\n\t\t\t\t\t\t\t<div class=\"elementor-background-overlay\"><\/div>\n\t\t\t\t\t\t\t<div class=\"elementor-container elementor-column-gap-default\">\n\t\t\t\t\t\t\t<div class=\"elementor-row\">\n\t\t\t\t\t<div class=\"elementor-column elementor-col-100 elementor-top-column elementor-element elementor-element-f1d707b\" data-id=\"f1d707b\" data-element_type=\"column\">\n\t\t\t<div class=\"elementor-column-wrap elementor-element-populated\">\n\t\t\t\t\t\t\t<div class=\"elementor-widget-wrap\">\n\t\t\t\t\t\t<div class=\"elementor-element elementor-element-10ad3f1 animated-slow elementor-invisible elementor-widget elementor-widget-heading\" data-id=\"10ad3f1\" data-element_type=\"widget\" data-settings=\"{&quot;_animation&quot;:&quot;fadeInUp&quot;}\" data-widget_type=\"heading.default\">\n\t\t\t\t<div class=\"elementor-widget-container\">\n\t\t\t<h5 class=\"elementor-heading-title elementor-size-default\">S\u00f6rfut\u00e1r<\/h5>\t\t<\/div>\n\t\t\t\t<\/div>\n\t\t\t\t\t\t<\/div>\n\t\t\t\t\t<\/div>\n\t\t<\/div>\n\t\t\t\t\t\t\t\t<\/div>\n\t\t\t\t\t<\/div>\n\t\t<\/section>\n\t\t\t\t<section class=\"elementor-section elementor-top-section elementor-element elementor-element-2bffbdc6 elementor-section-boxed elementor-section-height-default elementor-section-height-default\" data-id=\"2bffbdc6\" data-element_type=\"section\">\n\t\t\t\t\t\t<div class=\"elementor-container elementor-column-gap-default\">\n\t\t\t\t\t\t\t<div class=\"elementor-row\">\n\t\t\t\t\t<div class=\"elementor-column elementor-col-100 elementor-top-column elementor-element elementor-element-35f83d3a\" data-id=\"35f83d3a\" data-element_type=\"column\">\n\t\t\t<div class=\"elementor-column-wrap elementor-element-populated\">\n\t\t\t\t\t\t\t<div class=\"elementor-widget-wrap\">\n\t\t\t\t\t\t<div class=\"elementor-element elementor-element-f30fb50 elementor-widget elementor-widget-heading\" data-id=\"f30fb50\" data-element_type=\"widget\" data-widget_type=\"heading.default\">\n\t\t\t\t<div class=\"elementor-widget-container\">\n\t\t\t<h2 class=\"elementor-heading-title elementor-size-default\">K\u00f6rnyez\u0151 telep\u00fcl\u00e9sekre v\u00e1llalunk s\u00f6rfut\u00e1r szolg\u00e1latot.<\/h2>\t\t<\/div>\n\t\t\t\t<\/div>\n\t\t\t\t<div class=\"elementor-element elementor-element-aa42ed0 elementor-widget-divider--view-line elementor-widget elementor-widget-divider\" data-id=\"aa42ed0\" data-element_type=\"widget\" data-widget_type=\"divider.default\">\n\t\t\t\t<div class=\"elementor-widget-container\">\n\t\t\t\t\t<div class=\"elementor-divider\">\n\t\t\t<span class=\"elementor-divider-separator\">\n\t\t\t\t\t\t<\/span>\n\t\t<\/div>\n\t\t\t\t<\/div>\n\t\t\t\t<\/div>\n\t\t\t\t<section class=\"elementor-section elementor-inner-section elementor-element elementor-element-306f8bcc elementor-section-boxed elementor-section-height-default elementor-section-height-default\" data-id=\"306f8bcc\" data-element_type=\"section\">\n\t\t\t\t\t\t<div class=\"elementor-container elementor-column-gap-no\">\n\t\t\t\t\t\t\t<div class=\"elementor-row\">\n\t\t\t\t\t<div class=\"elementor-column elementor-col-33 elementor-inner-column elementor-element elementor-element-273fad0b\" data-id=\"273fad0b\" data-element_type=\"column\">\n\t\t\t<div class=\"elementor-column-wrap elementor-element-populated\">\n\t\t\t\t\t\t\t<div class=\"elementor-widget-wrap\">\n\t\t\t\t\t\t<div class=\"elementor-element elementor-element-81b9bbc elementor-widget elementor-widget-image\" data-id=\"81b9bbc\" data-element_type=\"widget\" data-widget_type=\"image.default\">\n\t\t\t\t<div class=\"elementor-widget-container\">\n\t\t\t\t\t\t\t\t<div class=\"elementor-image\">\n\t\t\t\t\t\t\t\t\t\t\t\t<img loading=\"lazy\" decoding=\"async\" width=\"864\" height=\"1024\" src=\"https:\/\/beerboard.hu\/wp-content\/uploads\/2022\/01\/itallap_plusz6-864x1024.jpg\" class=\"attachment-large size-large\" alt=\"\" \/>\t\t\t\t\t\t\t\t\t\t\t\t\t\t<\/div>\n\t\t\t\t\t\t<\/div>\n\t\t\t\t<\/div>\n\t\t\t\t\t\t<\/div>\n\t\t\t\t\t<\/div>\n\t\t<\/div>\n\t\t\t\t<div class=\"elementor-column elementor-col-33 elementor-inner-column elementor-element elementor-element-8c13998\" data-id=\"8c13998\" data-element_type=\"column\">\n\t\t\t<div class=\"elementor-column-wrap elementor-element-populated\">\n\t\t\t\t\t\t\t<div class=\"elementor-widget-wrap\">\n\t\t\t\t\t\t<div class=\"elementor-element elementor-element-d01ff3f elementor-widget elementor-widget-image\" data-id=\"d01ff3f\" data-element_type=\"widget\" data-widget_type=\"image.default\">\n\t\t\t\t<div class=\"elementor-widget-container\">\n\t\t\t\t\t\t\t\t<div class=\"elementor-image\">\n\t\t\t\t\t\t\t\t\t\t\t\t<img loading=\"lazy\" decoding=\"async\" width=\"864\" height=\"1024\" src=\"https:\/\/beerboard.hu\/wp-content\/uploads\/2022\/01\/itallap_plusz1-864x1024.jpg\" class=\"attachment-large size-large\" alt=\"\" srcset=\"https:\/\/beerboard.hu\/wp-content\/uploads\/2022\/01\/itallap_plusz1-864x1024.jpg 864w, https:\/\/beerboard.hu\/wp-content\/uploads\/2022\/01\/itallap_plusz1-300x356.jpg 300w, https:\/\/beerboard.hu\/wp-content\/uploads\/2022\/01\/itallap_plusz1-600x711.jpg 600w, https:\/\/beerboard.hu\/wp-content\/uploads\/2022\/01\/itallap_plusz1-253x300.jpg 253w, https:\/\/beerboard.hu\/wp-content\/uploads\/2022\/01\/itallap_plusz1-768x910.jpg 768w, https:\/\/beerboard.hu\/wp-content\/uploads\/2022\/01\/itallap_plusz1.jpg 976w\" sizes=\"auto, (max-width: 864px) 100vw, 864px\" \/>\t\t\t\t\t\t\t\t\t\t\t\t\t\t<\/div>\n\t\t\t\t\t\t<\/div>\n\t\t\t\t<\/div>\n\t\t\t\t\t\t<\/div>\n\t\t\t\t\t<\/div>\n\t\t<\/div>\n\t\t\t\t<div class=\"elementor-column elementor-col-33 elementor-inner-column elementor-element elementor-element-67c34d7\" data-id=\"67c34d7\" data-element_type=\"column\">\n\t\t\t<div class=\"elementor-column-wrap elementor-element-populated\">\n\t\t\t\t\t\t\t<div class=\"elementor-widget-wrap\">\n\t\t\t\t\t\t<div class=\"elementor-element elementor-element-a24f786 elementor-widget elementor-widget-image\" data-id=\"a24f786\" data-element_type=\"widget\" data-widget_type=\"image.default\">\n\t\t\t\t<div class=\"elementor-widget-container\">\n\t\t\t\t\t\t\t\t<div class=\"elementor-image\">\n\t\t\t\t\t\t\t\t\t\t\t\t<img loading=\"lazy\" decoding=\"async\" width=\"864\" height=\"1024\" src=\"https:\/\/beerboard.hu\/wp-content\/uploads\/2022\/01\/itallap_plusz5-864x1024.jpg\" class=\"attachment-large size-large\" alt=\"\" srcset=\"https:\/\/beerboard.hu\/wp-content\/uploads\/2022\/01\/itallap_plusz5-864x1024.jpg 864w, https:\/\/beerboard.hu\/wp-content\/uploads\/2022\/01\/itallap_plusz5-300x356.jpg 300w, https:\/\/beerboard.hu\/wp-content\/uploads\/2022\/01\/itallap_plusz5-600x711.jpg 600w, https:\/\/beerboard.hu\/wp-content\/uploads\/2022\/01\/itallap_plusz5-253x300.jpg 253w, https:\/\/beerboard.hu\/wp-content\/uploads\/2022\/01\/itallap_plusz5-768x910.jpg 768w, https:\/\/beerboard.hu\/wp-content\/uploads\/2022\/01\/itallap_plusz5.jpg 976w\" sizes=\"auto, (max-width: 864px) 100vw, 864px\" \/>\t\t\t\t\t\t\t\t\t\t\t\t\t\t<\/div>\n\t\t\t\t\t\t<\/div>\n\t\t\t\t<\/div>\n\t\t\t\t\t\t<\/div>\n\t\t\t\t\t<\/div>\n\t\t<\/div>\n\t\t\t\t\t\t\t\t<\/div>\n\t\t\t\t\t<\/div>\n\t\t<\/section>\n\t\t\t\t\t\t<\/div>\n\t\t\t\t\t<\/div>\n\t\t<\/div>\n\t\t\t\t\t\t\t\t<\/div>\n\t\t\t\t\t<\/div>\n\t\t<\/section>\n\t\t\t\t\t\t<\/div>\n\t\t\t\t\t\t<\/div>\n\t\t\t\t\t<\/div>\n\t\t","protected":false},"excerpt":{"rendered":"<p>S\u00f6rfut\u00e1r K\u00f6rnyez\u0151 telep\u00fcl\u00e9sekre v\u00e1llalunk s\u00f6rfut\u00e1r szolg\u00e1latot.<\/p>\n","protected":false},"author":0,"featured_media":0,"parent":0,"menu_order":0,"comment_status":"closed","ping_status":"closed","template":"","meta":{"footnotes":""},"class_list":["post-53","page","type-page","status-publish","hentry","entry","owp-thumbs-layout-horizontal","owp-btn-big","owp-tabs-layout-horizontal","has-no-thumbnails","has-product-nav"],"_links":{"self":[{"href":"https:\/\/beerboard.hu\/index.php?rest_route=\/wp\/v2\/pages\/53","targetHints":{"allow":["GET"]}}],"collection":[{"href":"https:\/\/beerboard.hu\/index.php?rest_route=\/wp\/v2\/pages"}],"about":[{"href":"https:\/\/beerboard.hu\/index.php?rest_route=\/wp\/v2\/types\/page"}],"replies":[{"embeddable":true,"href":"https:\/\/beerboard.hu\/index.php?rest_route=%2Fwp%2Fv2%2Fcomments&post=53"}],"version-history":[{"count":24,"href":"https:\/\/beerboard.hu\/index.php?rest_route=\/wp\/v2\/pages\/53\/revisions"}],"predecessor-version":[{"id":404,"href":"https:\/\/beerboard.hu\/index.php?rest_route=\/wp\/v2\/pages\/53\/revisions\/404"}],"wp:attachment":[{"href":"https:\/\/beerboard.hu\/index.php?rest_route=%2Fwp%2Fv2%2Fmedia&parent=53"}],"curies":[{"name":"wp","href":"https:\/\/api.w.org\/{rel}","templated":true}]}}